{"id":1008,"date":"2022-04-22T21:14:36","date_gmt":"2022-04-22T19:14:36","guid":{"rendered":"https:\/\/www.scouts36polaris.be\/?page_id=1008"},"modified":"2022-04-22T22:31:49","modified_gmt":"2022-04-22T20:31:49","slug":"fsdfdsf393dkdsjdflsq","status":"publish","type":"page","link":"https:\/\/www.scouts36polaris.be\/index.php\/fsdfdsf393dkdsjdflsq\/","title":{"rendered":"Mission rebelles : page 1"},"content":{"rendered":"\n<div class=\"wp-block-themeisle-blocks-advanced-columns has-2-columns has-desktop-oneTwo-layout has-tablet-equal-layout has-mobile-collapsedRows-layout has-default-gap has-vertical-unset\" id=\"wp-block-themeisle-blocks-advanced-columns-b57b2c95\"><div class=\"wp-block-themeisle-blocks-advanced-columns-overlay\"><\/div><div class=\"innerblocks-wrap\">\n<div class=\"wp-block-themeisle-blocks-advanced-column\" id=\"wp-block-themeisle-blocks-advanced-column-5a5b9994\">\n<figure class=\"wp-block-image size-full\"><img loading=\"lazy\" decoding=\"async\" width=\"308\" height=\"188\" src=\"https:\/\/www.scouts36polaris.be\/wp-content\/uploads\/2022\/04\/carte1.png\" alt=\"\" class=\"wp-image-1021\" srcset=\"https:\/\/www.scouts36polaris.be\/wp-content\/uploads\/2022\/04\/carte1.png 308w, https:\/\/www.scouts36polaris.be\/wp-content\/uploads\/2022\/04\/carte1-300x183.png 300w\" sizes=\"auto, (max-width: 308px) 100vw, 308px\" \/><\/figure>\n<\/div>\n\n\n\n<div class=\"wp-block-themeisle-blocks-advanced-column\" id=\"wp-block-themeisle-blocks-advanced-column-2d21651c\">\n<p class=\"has-white-color has-text-color\">Si un jour vous cherchez \u00e0 traquer des ennemis, commencez toujours par trouver des indices sur leurs positions, leurs habitudes\u2026 Il faut toujours r\u00e9colter un maximum d\u2019informations avant de passer \u00e0 l\u2019offensive. Et il faut se tenir \u00e0 la page et s\u2019assurer que ses informations restent correctes. N\u2019h\u00e9sitez pas non plus \u00e0 envoyer quelques \u00e9claireurs faire du rep\u00e9rage sur le site.<\/p>\n<\/div>\n<\/div><\/div>\n\n\n\n<figure class=\"wp-block-image size-full\"><img loading=\"lazy\" decoding=\"async\" width=\"306\" height=\"191\" src=\"https:\/\/www.scouts36polaris.be\/wp-content\/uploads\/2022\/04\/carte3-1.png\" alt=\"\" class=\"wp-image-1017\" srcset=\"https:\/\/www.scouts36polaris.be\/wp-content\/uploads\/2022\/04\/carte3-1.png 306w, https:\/\/www.scouts36polaris.be\/wp-content\/uploads\/2022\/04\/carte3-1-300x187.png 300w\" sizes=\"auto, (max-width: 306px) 100vw, 306px\" \/><\/figure>\n\n\n\n<figure class=\"wp-block-image size-full\"><img loading=\"lazy\" decoding=\"async\" width=\"161\" height=\"171\" src=\"https:\/\/www.scouts36polaris.be\/wp-content\/uploads\/2022\/04\/bleu.png\" alt=\"\" class=\"wp-image-1018\"\/><\/figure>\n\n\n\n<img decoding=\"async\" src=\"https:\/\/www.scouts36polaris.be\/wp-content\/uploads\/2022\/04\/brun.png\" alt=\"L\u2019attribut alt de cette image est vide, son nom de fichier est brun.png.\" onclick=\"document.getElementById('hideQr').style.display = 'block';\">\n\n\n\n<img decoding=\"async\" src=\"http:\/\/www.scouts36polaris.be\/wp-content\/uploads\/2022\/04\/qr-code-1.png\" id=\"hideQr\" style=\"display:none;\"><\/img>\n","protected":false},"excerpt":{"rendered":"","protected":false},"author":1,"featured_media":0,"parent":0,"menu_order":0,"comment_status":"closed","ping_status":"closed","template":"","meta":{"_uag_custom_page_level_css":"","_themeisle_gutenberg_block_has_review":false,"footnotes":""},"class_list":["post-1008","page","type-page","status-publish","hentry"],"uagb_featured_image_src":{"full":false,"thumbnail":false,"medium":false,"medium_large":false,"large":false,"1536x1536":false,"2048x2048":false,"travelersmap-thumb":false,"hestia-blog":false},"uagb_author_info":{"display_name":"isatis","author_link":"https:\/\/www.scouts36polaris.be\/index.php\/author\/isatis\/"},"uagb_comment_info":0,"uagb_excerpt":null,"_links":{"self":[{"href":"https:\/\/www.scouts36polaris.be\/index.php\/wp-json\/wp\/v2\/pages\/1008","targetHints":{"allow":["GET"]}}],"collection":[{"href":"https:\/\/www.scouts36polaris.be\/index.php\/wp-json\/wp\/v2\/pages"}],"about":[{"href":"https:\/\/www.scouts36polaris.be\/index.php\/wp-json\/wp\/v2\/types\/page"}],"author":[{"embeddable":true,"href":"https:\/\/www.scouts36polaris.be\/index.php\/wp-json\/wp\/v2\/users\/1"}],"replies":[{"embeddable":true,"href":"https:\/\/www.scouts36polaris.be\/index.php\/wp-json\/wp\/v2\/comments?post=1008"}],"version-history":[{"count":10,"href":"https:\/\/www.scouts36polaris.be\/index.php\/wp-json\/wp\/v2\/pages\/1008\/revisions"}],"predecessor-version":[{"id":1031,"href":"https:\/\/www.scouts36polaris.be\/index.php\/wp-json\/wp\/v2\/pages\/1008\/revisions\/1031"}],"wp:attachment":[{"href":"https:\/\/www.scouts36polaris.be\/index.php\/wp-json\/wp\/v2\/media?parent=1008"}],"curies":[{"name":"wp","href":"https:\/\/api.w.org\/{rel}","templated":true}]}}