{"id":13,"date":"2019-09-28T12:28:41","date_gmt":"2019-09-28T10:28:41","guid":{"rendered":"https:\/\/36bw-polaris.000webhostapp.com\/?page_id=13"},"modified":"2025-12-28T20:07:10","modified_gmt":"2025-12-28T19:07:10","slug":"la-troupe-polaris","status":"publish","type":"page","link":"https:\/\/www.scouts36polaris.be\/index.php\/la-troupe-polaris\/","title":{"rendered":"Troupe du Phoenix"},"content":{"rendered":"\n<figure class=\"wp-block-table\"><table><tbody><tr><td><\/td><td><\/td><td><\/td><\/tr><\/tbody><\/table><\/figure>\n\n\n\n<div id=\"wp-block-themeisle-blocks-advanced-columns-c98a2f09\" class=\"wp-block-themeisle-blocks-advanced-columns alignfull has-3-columns has-desktop-oneThreeOne-layout has-tablet-equal-layout has-mobile-collapsedRows-layout has-vertical-unset\"><div class=\"wp-block-themeisle-blocks-advanced-columns-overlay\"><\/div><div class=\"innerblocks-wrap\">\n<div id=\"wp-block-themeisle-blocks-advanced-column-89b1aff1\" class=\"wp-block-themeisle-blocks-advanced-column\"><div class=\"wp-block-image\">\n<figure class=\"alignright size-large is-resized\"><img loading=\"lazy\" decoding=\"async\" width=\"394\" height=\"439\" src=\"http:\/\/www.scouts36polaris.be\/wp-content\/uploads\/2021\/08\/logo.png\" alt=\"\" class=\"wp-image-835\" style=\"width:136px;height:150px\" srcset=\"https:\/\/www.scouts36polaris.be\/wp-content\/uploads\/2021\/08\/logo.png 394w, https:\/\/www.scouts36polaris.be\/wp-content\/uploads\/2021\/08\/logo-269x300.png 269w\" sizes=\"auto, (max-width: 394px) 100vw, 394px\" \/><\/figure><\/div>\n\n\n<div class=\"simcal-calendar simcal-default-calendar simcal-default-calendar-list simcal-default-calendar-light\" data-calendar-id=\"252\" data-timezone=\"Europe\/Paris\" data-offset=\"7200\" data-week-start=\"1\" data-calendar-start=\"1778018400\" data-calendar-end=\"1778018400\" data-events-first=\"0\" data-events-last=\"0\"><div class=\"simcal-calendar-list \"><nav class=\"simcal-calendar-head\">\n\t<div class=\"simcal-nav\">\n\t\t<button class=\"simcal-nav-button simcal-prev\" title=\"Pr\u00e9c\u00e9dent\" disabled=\"disabled\">\n\t\t\t<i class=\"simcal-icon-left\"><\/i>\n\t\t<\/button>\n\t<\/div>\n\t<div class=\"simcal-nav simcal-current \" data-calendar-current=\"1778018400\">\n\t\t<h3 class=\"simcal-current-label\"> <\/h3>\n\t<\/div>\n\t<div class=\"simcal-nav\">\t\t<button class=\"simcal-nav-button simcal-next\" title=\"Suiv.\" disabled=\"disabled\">\t\t\t<i class=\"simcal-icon-right\"><\/i>\n\t\t<\/button>\n\t<\/div>\n<\/nav>\n<dl class=\"simcal-events-list-container\" data-prev=\"1746482400\" data-next=\"1809554400\" data-heading-small=\"2026 - 2027\" data-heading-large=\"2026 - 2027\">\t<p>Pas d'\u00e9v\u00e8nements \u00e0 venir.\t<\/p>\n<\/dl><div class=\"simcal-ajax-loader simcal-spinner-top\" style=\"display: none;\"><i class=\"simcal-icon-spinner simcal-icon-spin\"><\/i><\/div><\/div><\/div>\n<a href=\"https:\/\/calendar.google.com\/calendar\/u\/0?cid=Y19uYzd1NWUycW0yZnJidGF2NmU0ZDhrdW04c0Bncm91cC5jYWxlbmRhci5nb29nbGUuY29t\">Lien pour obtenir le calendrier<\/a>\n<\/div>\n\n\n\n<div id=\"wp-block-themeisle-blocks-advanced-column-87230a8c\" class=\"wp-block-themeisle-blocks-advanced-column\">\n<h2 class=\"wp-block-heading\">Pr\u00e9sentation de la section<\/h2>\n\n\n\n<script>function displayIndice(totem, image) { \nalert('test');\ndocument.getElementById(totem).style.display = 'none';\ndocument.getElementById(image).style.display = 'block';\n}\n<\/script>\n<img decoding=\"async\" loading=\"lazy\" width=\"175\" height=\"200\" class=\"wp-image-273\" style=\"width: 150px;\" src=\"http:\/\/www.scouts36polaris.be\/wp-content\/uploads\/2019\/10\/csm_Branches_Logos_2018_Eclaireurs_Quad_Protection_b71fc11dc1-1.png\" alt=\"\" id=\"logoTroupe\" onclick=\"displayIndice('logoTroupe', 'carte5')\">\n<img decoding=\"async\" src=\"\/wp-content\/uploads\/2022\/04\/carte5.png\" alt=\"\" id=\"carte5\" style=\"display:none;\" ><\/img>\n\n\n\n<p>La troupe du Phoenix accueille des \u00e9claireurs ayant entre 12 et 16 ans.<\/p>\n\n\n\n<p>Durant son parcours au sein de la troupe, le scout sera amen\u00e9 \u00e0 d\u00e9velopper son sens des responsabilit\u00e9s.<\/p>\n\n\n\n<p>Une ann\u00e9e au sein de la troupe du Phoenix est compos\u00e9e : <\/p>\n\n\n\n<ul class=\"wp-block-list\">\n<li>De r\u00e9unions les samedis entre 14h et 18h. Celle-ci seront au nombre de 2 ou 3 par mois, sauf en p\u00e9riode d&rsquo;examen et de blocus.<\/li>\n\n\n\n<li>De r\u00e9unions sp\u00e9ciales. Celles-ci dureront en g\u00e9n\u00e9ral une journ\u00e9e compl\u00e8te. Lors de celles-ci nous feront des activit\u00e9s qui sortent du cadre habituel d&rsquo;une r\u00e9union classique.<\/li>\n\n\n\n<li>De 2 week-ends (un au premier quadri et un au second). <\/li>\n\n\n\n<li>D&rsquo;un camp de 15 jours durant les grandes vacances. Celui-ci aura lieu en prairie.<\/li>\n<\/ul>\n\n\n\n<p>Alors si toi aussi tu veux vivre des exp\u00e9riences incroyables, que tu veux te faire plein de nouvelles rencontres et que tu as envie de d\u00e9couvrir le monde merveilleux des scouts, n&rsquo;h\u00e9site pas \u00e0 <a href=\"http:\/\/www.scouts36polaris.be\/index.php\/inscriptions\/\" style=\"color:#0000EE; text-decoration:underline;\" target=\"_blank\" rel=\"noopener noreferrer\">t&rsquo;inscrire !<\/a><\/p>\n\n\n\n<h2 class=\"wp-block-heading\">Nom de la troupe<\/h2>\n\n\n\n<script>function displayIndice(totem, image) { \nalert('test');\ndocument.getElementById(totem).style.display = 'none';\ndocument.getElementById(image).style.display = 'block';\n}\n<\/script>\n<img decoding=\"async\" loading=\"lazy\" src=\"http:\/\/www.scouts36polaris.be\/wp-content\/uploads\/2019\/10\/phoenix-1024x555.jpg\" alt=\"\" class=\"wp-image-314\" width=\"240\" height=\"130\" srcset=\"https:\/\/www.scouts36polaris.be\/wp-content\/uploads\/2019\/10\/phoenix-1024x555.jpg 1024w, https:\/\/www.scouts36polaris.be\/wp-content\/uploads\/2019\/10\/phoenix-300x163.jpg 300w, https:\/\/www.scouts36polaris.be\/wp-content\/uploads\/2019\/10\/phoenix-768x416.jpg 768w, https:\/\/www.scouts36polaris.be\/wp-content\/uploads\/2019\/10\/phoenix.jpg 1200w\" sizes=\"auto, (max-width: 240px) 100vw, 240px\" id=\"imagePhoenix\" onclick=\"displayIndice('imagePhoenix', 'carte6')\"><\/img>\n<img decoding=\"async\" src=\"\/wp-content\/uploads\/2022\/04\/carte6.png\" alt=\"\" id=\"carte6\" style=\"display:none;\" ><\/img>\n\n\n\n<p>Le Phoenix est une constellation de l&rsquo;h\u00e9misph\u00e8re sud. Elle est relativement r\u00e9cente. Elle a \u00e9t\u00e9 repr\u00e9sent\u00e9e pour la premi\u00e8re fois en 1603. Le phoenix repr\u00e9sente la renaissance, tout comme les \u00e9claireurs qui sont amen\u00e9s \u00e0 se red\u00e9couvrir eux-m\u00eame durant la p\u00e9riode de l&rsquo;adolescence.<\/p>\n\n\n\n<p class=\"has-white-color has-text-color has-x-large-font-size\">-.- .- &#8211; -. .. \u2026 \u2026<\/p>\n\n\n<\/div>\n\n\n\n<div id=\"wp-block-themeisle-blocks-advanced-column-c6c038cb\" class=\"wp-block-themeisle-blocks-advanced-column\">\n<h2>Staff<\/h2>\n\n\n\n<script>function displayIndice(totem, image) { \ndocument.getElementById(totem).style.display = 'none';\ndocument.getElementById(image).style.display = 'block';\n}\n<\/script>\n<table>\n  <tr>\n\t<td class=\"blockImageAcc\"><img decoding=\"async\" src=\"\/wp-content\/uploads\/2022\/12\/otsoa.jpg\" alt=\"\" class=\"imageStaff\" id=\"isatis\" onclick=\"displayIndice('isatis','jaune')\"><img decoding=\"async\" src=\"\/wp-content\/uploads\/2022\/04\/jaune.png\" alt=\"\" class=\"imageStaff\" id=\"jaune\" style=\"display:none;\" ><\/td>\n        <td>Otsoa<\/td>\n  <\/tr>\n   \n<tr>\n\t<td class=\"blockImageAcc\"><img decoding=\"async\" src=\"\/wp-content\/uploads\/2020\/02\/goundi.jpg\" alt=\"\" class=\"imageStaff\" id=\"goundi\"><\/td>\n        <td>Goundi<\/td>\n  <\/tr>\n  <tr>\n\t<td class=\"blockImageAcc\"><img decoding=\"async\" src=\"\/wp-content\/uploads\/2020\/02\/chipmunkR.jpg\" alt=\"\" class=\"imageStaff\"><\/td>\n        <td>Chipmunk<\/td>\n  <\/tr>\n  <tr>\n\t<td class=\"blockImageAcc\"><img decoding=\"async\" src=\"\/wp-content\/uploads\/2020\/02\/irbis.jpg\" alt=\"\" class=\"imageStaff\"><\/td>\n        <td>Irbis<\/td>\n  <\/tr>\n  <tr>\n\t<td class=\"blockImageAcc\"><img decoding=\"async\" src=\"\/wp-content\/uploads\/2025\/11\/dorcas.jpg\" alt=\"\" class=\"imageStaff\"><\/td>\n        <td>Dorcas<\/td>\n  <\/tr>\n  <tr>\n\t<td class=\"blockImageAcc\"><img decoding=\"async\" src=\"\/wp-content\/uploads\/2025\/11\/Irrawady.jpg\" alt=\"\" class=\"imageStaff\"><\/td>\n        <td>Irrawady<\/td>\n  <\/tr>\n  <tr>\n\t<td class=\"blockImageAcc\"><img decoding=\"async\" src=\"\/wp-content\/uploads\/2025\/12\/Beira.png.jpg\" alt=\"\" class=\"imageStaff\"><\/td>\n        <td>Beira<\/td>\n  <\/tr>\n\n<\/table>\n<br> Si tu es motiv\u00e9 pour t&rsquo;engager comme animateur, n\u2019h\u00e9site pas <a href=\"http:\/\/www.scouts36polaris.be\/index.php\/inscription-animateur\/\" style=\"color:#0000EE; text-decoration:underline;\" target=\"_blank\" rel=\"noopener noreferrer\">\u00e0 postuler !<\/a>\n<\/br>\n\n\n\n<h2 class=\"wp-block-heading\">Contact<\/h2>\n\n\n\nMail : <a href=\"mailto:eclaireurs@scouts36polaris.be\">eclaireurs@scouts36polaris.be<\/a>\n<\/div>\n<\/div><\/div>\n\n\n\n<p><\/p>\n","protected":false},"excerpt":{"rendered":"","protected":false},"author":1,"featured_media":0,"parent":0,"menu_order":0,"comment_status":"closed","ping_status":"closed","template":"","meta":{"_uag_custom_page_level_css":"","_themeisle_gutenberg_block_has_review":false,"footnotes":""},"class_list":["post-13","page","type-page","status-publish","hentry"],"uagb_featured_image_src":{"full":false,"thumbnail":false,"medium":false,"medium_large":false,"large":false,"1536x1536":false,"2048x2048":false,"travelersmap-thumb":false,"hestia-blog":false},"uagb_author_info":{"display_name":"isatis","author_link":"https:\/\/www.scouts36polaris.be\/index.php\/author\/isatis\/"},"uagb_comment_info":0,"uagb_excerpt":null,"_links":{"self":[{"href":"https:\/\/www.scouts36polaris.be\/index.php\/wp-json\/wp\/v2\/pages\/13","targetHints":{"allow":["GET"]}}],"collection":[{"href":"https:\/\/www.scouts36polaris.be\/index.php\/wp-json\/wp\/v2\/pages"}],"about":[{"href":"https:\/\/www.scouts36polaris.be\/index.php\/wp-json\/wp\/v2\/types\/page"}],"author":[{"embeddable":true,"href":"https:\/\/www.scouts36polaris.be\/index.php\/wp-json\/wp\/v2\/users\/1"}],"replies":[{"embeddable":true,"href":"https:\/\/www.scouts36polaris.be\/index.php\/wp-json\/wp\/v2\/comments?post=13"}],"version-history":[{"count":134,"href":"https:\/\/www.scouts36polaris.be\/index.php\/wp-json\/wp\/v2\/pages\/13\/revisions"}],"predecessor-version":[{"id":1431,"href":"https:\/\/www.scouts36polaris.be\/index.php\/wp-json\/wp\/v2\/pages\/13\/revisions\/1431"}],"wp:attachment":[{"href":"https:\/\/www.scouts36polaris.be\/index.php\/wp-json\/wp\/v2\/media?parent=13"}],"curies":[{"name":"wp","href":"https:\/\/api.w.org\/{rel}","templated":true}]}}