{"id":1322,"date":"2024-01-27T11:10:55","date_gmt":"2024-01-27T10:10:55","guid":{"rendered":"https:\/\/www.scouts36polaris.be\/?page_id=1322"},"modified":"2024-01-27T11:10:56","modified_gmt":"2024-01-27T10:10:56","slug":"la-route","status":"publish","type":"page","link":"https:\/\/www.scouts36polaris.be\/index.php\/la-route\/","title":{"rendered":"La Route de Halley"},"content":{"rendered":"\n<h2 class=\"wp-block-heading\" id=\"block-642206b9-219c-4a2d-8e5a-a00de0e2f14e\">Pr\u00e9sentation de la route<\/h2>\n\n\n\n<p>La Route de Halley est compos\u00e9e d\u2019anciens animateurs de l\u2019unit\u00e9 qui ont d\u00e9cid\u00e9 de ne pas ranger leur foulard tout de suite. C\u2019est au sein de cette section que Coati, Jabiru, S\u00e9rigala, Tarpan et Weero m\u00e8nent de nombreux projets en lien avec les valeurs et engagements de l\u2019unit\u00e9 Polaris. N\u2019h\u00e9sitez pas \u00e0 prendre contact avec eux si vous avez une id\u00e9e \u00e0 faire grandir ensemble !<\/p>\n\n\n\n<h2 class=\"wp-block-heading\" id=\"block-9a3784e9-55d2-48e3-b738-707b15a90929\">Nom de la route<\/h2>\n\n\n\n<p id=\"block-34baa23a-3360-4fa4-a898-5d76bffc189e\">La Route de Halley fait r\u00e9f\u00e9rence \u00e0 la com\u00e8te de Halley. Cette derni\u00e8re est en orbite autour du soleil. Cette orbite \u00e9tant irr\u00e9guli\u00e8re, il est difficile de savoir quand la com\u00e8te passera pr\u00e8s de la Terre. La Route est un peu comme cette com\u00e8te : il s\u2019agit d\u2019 une section qui existe mais qui n\u2019est pas visible.<\/p>\n\n\n\n<h2 class=\"wp-block-heading\" id=\"block-e342ce80-5f36-4876-9d32-6d9125d8401b\">Contact<\/h2>\n\n\n\n<p>Mail : <a href=\"mailto:routiers@scouts36polaris.be\">routiers@scouts36polaris.be<\/a><\/p>\n","protected":false},"excerpt":{"rendered":"<p>Pr\u00e9sentation de la route La Route de Halley est compos\u00e9e d\u2019anciens animateurs de l\u2019unit\u00e9 qui ont d\u00e9cid\u00e9 de ne pas ranger leur foulard tout de suite. C\u2019est au sein de cette section que Coati, Jabiru, S\u00e9rigala, Tarpan et Weero m\u00e8nent de nombreux projets en lien avec les valeurs et engagements [&hellip;]<\/p>\n","protected":false},"author":27,"featured_media":0,"parent":0,"menu_order":0,"comment_status":"closed","ping_status":"closed","template":"","meta":{"_uag_custom_page_level_css":"","_themeisle_gutenberg_block_has_review":false,"footnotes":""},"class_list":["post-1322","page","type-page","status-publish","hentry"],"uagb_featured_image_src":{"full":false,"thumbnail":false,"medium":false,"medium_large":false,"large":false,"1536x1536":false,"2048x2048":false,"travelersmap-thumb":false,"hestia-blog":false},"uagb_author_info":{"display_name":"Spitz","author_link":"https:\/\/www.scouts36polaris.be\/index.php\/author\/spitz\/"},"uagb_comment_info":0,"uagb_excerpt":"Pr\u00e9sentation de la route La Route de Halley est compos\u00e9e d\u2019anciens animateurs de l\u2019unit\u00e9 qui ont d\u00e9cid\u00e9 de ne pas ranger leur foulard tout de suite. C\u2019est au sein de cette section que Coati, Jabiru, S\u00e9rigala, Tarpan et Weero m\u00e8nent de nombreux projets en lien avec les valeurs et engagements [&hellip;]","_links":{"self":[{"href":"https:\/\/www.scouts36polaris.be\/index.php\/wp-json\/wp\/v2\/pages\/1322","targetHints":{"allow":["GET"]}}],"collection":[{"href":"https:\/\/www.scouts36polaris.be\/index.php\/wp-json\/wp\/v2\/pages"}],"about":[{"href":"https:\/\/www.scouts36polaris.be\/index.php\/wp-json\/wp\/v2\/types\/page"}],"author":[{"embeddable":true,"href":"https:\/\/www.scouts36polaris.be\/index.php\/wp-json\/wp\/v2\/users\/27"}],"replies":[{"embeddable":true,"href":"https:\/\/www.scouts36polaris.be\/index.php\/wp-json\/wp\/v2\/comments?post=1322"}],"version-history":[{"count":1,"href":"https:\/\/www.scouts36polaris.be\/index.php\/wp-json\/wp\/v2\/pages\/1322\/revisions"}],"predecessor-version":[{"id":1323,"href":"https:\/\/www.scouts36polaris.be\/index.php\/wp-json\/wp\/v2\/pages\/1322\/revisions\/1323"}],"wp:attachment":[{"href":"https:\/\/www.scouts36polaris.be\/index.php\/wp-json\/wp\/v2\/media?parent=1322"}],"curies":[{"name":"wp","href":"https:\/\/api.w.org\/{rel}","templated":true}]}}