{"id":30,"date":"2019-09-28T15:27:20","date_gmt":"2019-09-28T13:27:20","guid":{"rendered":"https:\/\/36bw-polaris.000webhostapp.com\/?page_id=30"},"modified":"2023-02-04T13:34:26","modified_gmt":"2023-02-04T12:34:26","slug":"sections","status":"publish","type":"page","link":"https:\/\/www.scouts36polaris.be\/index.php\/sections\/","title":{"rendered":"Sections"},"content":{"rendered":"<div class=\"wp-block-image\">\n<figure class=\"aligncenter\"><img loading=\"lazy\" decoding=\"async\" width=\"1024\" height=\"305\" src=\"http:\/\/www.scouts36polaris.be\/wp-content\/uploads\/2019\/10\/csm_Fleche_v2_Plan_de_travail_1_e9896aaca9-1-1024x305.png\" alt=\"\" class=\"wp-image-268\" srcset=\"https:\/\/www.scouts36polaris.be\/wp-content\/uploads\/2019\/10\/csm_Fleche_v2_Plan_de_travail_1_e9896aaca9-1-1024x305.png 1024w, https:\/\/www.scouts36polaris.be\/wp-content\/uploads\/2019\/10\/csm_Fleche_v2_Plan_de_travail_1_e9896aaca9-1-300x89.png 300w, https:\/\/www.scouts36polaris.be\/wp-content\/uploads\/2019\/10\/csm_Fleche_v2_Plan_de_travail_1_e9896aaca9-1-768x228.png 768w, https:\/\/www.scouts36polaris.be\/wp-content\/uploads\/2019\/10\/csm_Fleche_v2_Plan_de_travail_1_e9896aaca9-1.png 1140w\" sizes=\"auto, (max-width: 1024px) 100vw, 1024px\" \/><\/figure><\/div>\n\n\n<p>Le parcours scout se r\u00e9alise au sein de quatre sections. Durant 12 ans, l&rsquo;enfant est anim\u00e9. Il peut ensuite devenir animateur ! Il est bien s\u00fbr possible d&rsquo;entamer son parcours \u00e0 n&rsquo;importe quel \u00e2ge. <\/p>\n\n\n\n<p>Au sein de l&rsquo;unit\u00e9 Polaris, trois sections sont existantes : la ribambelle, la meute et la troupe. Le poste pionnier n&rsquo;est pas ouvert.<\/p>\n\n\n\n<p>L&rsquo;uniforme est important dans le mouvement : il permet de reconna\u00eetre des scouts et de connaitre leur unit\u00e9, leur section, etc. Certains \u00e9l\u00e9ments de l&rsquo;uniforme sont communs \u00e0 toutes les sections :<\/p>\n\n\n\n<ul class=\"wp-block-list\"><li>Le <strong>foulard<\/strong> (bleu marine, bande ext\u00e9rieur grise) ;<\/li><li>L&rsquo;insigne <strong>Les scouts <\/strong>(sur la manche droite) ;<\/li><li>L&rsquo;insigne <strong>Belgique<\/strong> (sur la poitrine, \u00e0 gauche) ; <\/li><li>L&rsquo;insigne <strong>Polaris<\/strong> (sur la manche <strong>&#8230;<\/strong> ).<\/li><\/ul>\n\n\n<div class=\"wp-block-image\">\n<figure class=\"aligncenter\"><img loading=\"lazy\" decoding=\"async\" width=\"555\" height=\"456\" src=\"http:\/\/www.scouts36polaris.be\/wp-content\/uploads\/2019\/10\/csm_Divers_3fd8f8bc4e.png\" alt=\"\" class=\"wp-image-277\" srcset=\"https:\/\/www.scouts36polaris.be\/wp-content\/uploads\/2019\/10\/csm_Divers_3fd8f8bc4e.png 555w, https:\/\/www.scouts36polaris.be\/wp-content\/uploads\/2019\/10\/csm_Divers_3fd8f8bc4e-300x246.png 300w\" sizes=\"auto, (max-width: 555px) 100vw, 555px\" \/><\/figure><\/div>\n\n\n<div class=\"wp-block-themeisle-blocks-advanced-columns has-1-columns has-desktop-equal-layout has-tablet-equal-layout has-mobile-equal-layout has-default-gap has-vertical-unset\" id=\"wp-block-themeisle-blocks-advanced-columns-e5fa0a9e\"><div class=\"wp-block-themeisle-blocks-advanced-columns-overlay\"><\/div><div class=\"innerblocks-wrap\">\n<div class=\"wp-block-themeisle-blocks-advanced-column\" id=\"wp-block-themeisle-blocks-advanced-column-16c5571d\">\n<h2 class=\"wp-block-heading\">Les baladins<\/h2>\n\n\n\n<p> Il s&rsquo;agit de scouts \u00e2g\u00e9s entre 6 et 8 ans <img loading=\"lazy\" decoding=\"async\" width=\"100\" height=\"115\" class=\"wp-image-178\" style=\"width: 100px;\" src=\"http:\/\/www.scouts36polaris.be\/wp-content\/uploads\/2019\/10\/csm_Branches_Logos_2018_Baladins_Quad_Protection_0631aab941.png\" alt=\"\"><\/p>\n\n\n\n<p><strong>L\u2019uniforme<\/strong>&nbsp;pour le baladin est le suivant :<\/p>\n\n\n\n<ul class=\"wp-block-list\"><li>Le&nbsp;<strong>foulard<\/strong>&nbsp;(bleu marine, bande ext\u00e9rieur grise)<\/li><li>Le <strong>pull bleu<\/strong> marine avec&#8230;<ul><li>L&rsquo;insigne baladin (sur la poitrine \u00e0 droite) ;<\/li><li>L&rsquo;insigne les scouts (sur la manche droite). <\/li><\/ul><\/li><\/ul>\n\n\n<div class=\"wp-block-image\">\n<figure class=\"aligncenter\"><img loading=\"lazy\" decoding=\"async\" width=\"555\" height=\"292\" src=\"http:\/\/www.scouts36polaris.be\/wp-content\/uploads\/2019\/10\/csm_Baladins02_761cf6839b.png\" alt=\"\" class=\"wp-image-278\" srcset=\"https:\/\/www.scouts36polaris.be\/wp-content\/uploads\/2019\/10\/csm_Baladins02_761cf6839b.png 555w, https:\/\/www.scouts36polaris.be\/wp-content\/uploads\/2019\/10\/csm_Baladins02_761cf6839b-300x158.png 300w\" sizes=\"auto, (max-width: 555px) 100vw, 555px\" \/><\/figure><\/div>\n\n\n<p>N&rsquo;h\u00e9sitez pas \u00e0 visiter la <a href=\"http:\/\/www.scouts36polaris.be\/index.php\/la-ribambelle\/\" style=\"color:#0000EE; text-decoration:underline;\">page de la ribambelle<\/a> !<\/p>\n\n\n\n<h2 class=\"wp-block-heading\">Les louveteaux<\/h2>\n\n\n\n<p>Il s&rsquo;agit de scouts \u00e2g\u00e9s entre 8 et 12 ans <img loading=\"lazy\" decoding=\"async\" width=\"100\" height=\"115\" class=\"wp-image-179\" style=\"width: 100px;\" src=\"http:\/\/www.scouts36polaris.be\/wp-content\/uploads\/2019\/10\/csm_Branches_Logos_2018_Louveteaux_Quad_Protection_49b71d72cd.png\" alt=\"\"><\/p>\n\n\n\n<p><strong>L\u2019uniforme<\/strong>&nbsp;pour le louveteau est le suivant :<\/p>\n\n\n\n<ul class=\"wp-block-list\"><li>Le&nbsp;<strong>foulard<\/strong>&nbsp;(bleu marine, bande ext\u00e9rieur grise)<\/li><li>Le&nbsp;<strong>pull vert&nbsp;<\/strong>avec\u2026<ul><li>L\u2019insigne louveteaux (sur la poitrine, \u00e0 droite) ;<\/li><li>L\u2019insigne du temps de mue : il existe en quatre couleurs, selon l\u2019ann\u00e9e dans laquelle l\u2019anim\u00e9 se trouve (sur la manche gauche) ;<\/li><\/ul><ul><li>Le triangle de sizaine (sur le haut de la manche gauche) ;<\/li><li>L\u2019insigne du message au peuple libre, pour les louveteaux ayant fait leur promesse (sur la poitrine, \u00e0 gauche).<\/li><\/ul><\/li><\/ul>\n\n\n<div class=\"wp-block-image\">\n<figure class=\"aligncenter\"><img loading=\"lazy\" decoding=\"async\" width=\"555\" height=\"496\" src=\"http:\/\/www.scouts36polaris.be\/wp-content\/uploads\/2019\/10\/csm_Louveteaux02_2c3d36ecc2.png\" alt=\"\" class=\"wp-image-275\" srcset=\"https:\/\/www.scouts36polaris.be\/wp-content\/uploads\/2019\/10\/csm_Louveteaux02_2c3d36ecc2.png 555w, https:\/\/www.scouts36polaris.be\/wp-content\/uploads\/2019\/10\/csm_Louveteaux02_2c3d36ecc2-300x268.png 300w\" sizes=\"auto, (max-width: 555px) 100vw, 555px\" \/><\/figure><\/div>\n\n\n<p>N&rsquo;h\u00e9sitez pas \u00e0 visiter la <a href=\"http:\/\/www.scouts36polaris.be\/index.php\/la-meute\/\" style=\"color:#0000EE; text-decoration:underline;\">page de la meute<\/a> !<\/p>\n\n\n\n<h2 class=\"wp-block-heading\">Les \u00e9claireurs<\/h2>\n\n\n\n<p>Il s&rsquo;agit de scouts \u00e2g\u00e9s entre 12 et 16 ans <img loading=\"lazy\" decoding=\"async\" width=\"100\" height=\"114\" class=\"wp-image-180\" style=\"width: 100px;\" src=\"http:\/\/www.scouts36polaris.be\/wp-content\/uploads\/2019\/10\/csm_Branches_Logos_2018_Eclaireurs_Quad_Protection_b71fc11dc1.png\" alt=\"\"><\/p>\n\n\n\n<p><strong>L\u2019uniforme<\/strong>&nbsp;pour l&rsquo;\u00e9claireur est le suivant :<\/p>\n\n\n\n<ul class=\"wp-block-list\"><li>Le&nbsp;<strong>foulard<\/strong>&nbsp;(bleu marine, bande ext\u00e9rieur grise)<\/li><li>L<strong>a chemise bleue roi&nbsp;<\/strong>avec\u2026<ul><li>L\u2019insigne \u00c9claireur (sur la poitrine, \u00e0 droite) ;<\/li><li>L\u2019insigne de la promesse, pour les \u00e9claireurs ayant fait leur promesse (sur la poitrine, \u00e0 gauche) ; <\/li><li>Les bandes de patrouille (sur l&rsquo;\u00e9paule gauche) ; <\/li><li>Les bandes de totem (sur l&rsquo;\u00e9paule droite). <\/li><\/ul><\/li><\/ul>\n\n\n<div class=\"wp-block-image\">\n<figure class=\"aligncenter\"><img loading=\"lazy\" decoding=\"async\" width=\"555\" height=\"579\" src=\"http:\/\/www.scouts36polaris.be\/wp-content\/uploads\/2019\/10\/csm_Eclaireurs02_52e566dd3c.png\" alt=\"\" class=\"wp-image-276\" srcset=\"https:\/\/www.scouts36polaris.be\/wp-content\/uploads\/2019\/10\/csm_Eclaireurs02_52e566dd3c.png 555w, https:\/\/www.scouts36polaris.be\/wp-content\/uploads\/2019\/10\/csm_Eclaireurs02_52e566dd3c-288x300.png 288w\" sizes=\"auto, (max-width: 555px) 100vw, 555px\" \/><\/figure><\/div>\n\n\n<p>N&rsquo;h\u00e9sitez pas \u00e0 visiter la <a href=\"http:\/\/www.scouts36polaris.be\/index.php\/la-troupe-polaris\/\" style=\"color:#0000EE; text-decoration:underline;\">page de la troupe<\/a> !<\/p>\n<\/div>\n<\/div><\/div>\n\n\n\n<h2 class=\"wp-block-heading\">Les pionniers<\/h2>\n\n\n\n<p>Il s&rsquo;agit de scouts \u00e2g\u00e9s entre 16 et 18 ans <\/p>\n\n\n\n<p><strong>L\u2019uniforme<\/strong>&nbsp;pour l&rsquo;\u00e9claireur est le suivant :<\/p>\n\n\n\n<ul class=\"wp-block-list\"><li>Le\u00a0<strong>foulard<\/strong>\u00a0(bleu marine, bande ext\u00e9rieur grise)<\/li><li>L<strong>a chemise rouge\u00a0<\/strong>avec\u2026<ul><li>L\u2019insigne Pionniers (sur la poitrine, \u00e0 droite) ;<\/li><li>L\u2019insigne de l&rsquo;engagement, pour les pionniers ayant fait leur engagement (sur la poitrine, \u00e0 gauche) ; <\/li><li>Les itin\u00e9raires (sur l&rsquo;\u00e9paule gauche).<\/li><\/ul><\/li><\/ul>\n\n\n<div class=\"wp-block-image\">\n<figure class=\"aligncenter size-full\"><img loading=\"lazy\" decoding=\"async\" width=\"715\" height=\"634\" src=\"https:\/\/www.scouts36polaris.be\/wp-content\/uploads\/2023\/01\/pionnier-insignes.png\" alt=\"\" class=\"wp-image-1220\" srcset=\"https:\/\/www.scouts36polaris.be\/wp-content\/uploads\/2023\/01\/pionnier-insignes.png 715w, https:\/\/www.scouts36polaris.be\/wp-content\/uploads\/2023\/01\/pionnier-insignes-300x266.png 300w\" sizes=\"auto, (max-width: 715px) 100vw, 715px\" \/><\/figure><\/div>\n\n\n<p>N&rsquo;h\u00e9sitez pas \u00e0 visiter la <a href=\"http:\/\/www.scouts36polaris.be\/index.php\/le-poste\/\" style=\"color:#0000EE; text-decoration:underline;\">page du poste<\/a> !<\/p>\n\n\n\n<p class=\"has-text-align-right\"><em>Le bonheur ne vient pas \u00e0 ceux qui l&rsquo;attendent assis.<\/em> &#8211; Robert Baden-Powell   <\/p>\n","protected":false},"excerpt":{"rendered":"<p>Le parcours scout se r\u00e9alise au sein de quatre sections. Durant 12 ans, l&rsquo;enfant est anim\u00e9. Il peut ensuite devenir animateur ! Il est bien s\u00fbr possible d&rsquo;entamer son parcours \u00e0 n&rsquo;importe quel \u00e2ge. Au sein de l&rsquo;unit\u00e9 Polaris, trois sections sont existantes : la ribambelle, la meute et la [&hellip;]<\/p>\n","protected":false},"author":1,"featured_media":0,"parent":0,"menu_order":0,"comment_status":"closed","ping_status":"closed","template":"","meta":{"_uag_custom_page_level_css":"","_themeisle_gutenberg_block_has_review":false,"footnotes":""},"class_list":["post-30","page","type-page","status-publish","hentry"],"uagb_featured_image_src":{"full":false,"thumbnail":false,"medium":false,"medium_large":false,"large":false,"1536x1536":false,"2048x2048":false,"travelersmap-thumb":false,"hestia-blog":false},"uagb_author_info":{"display_name":"isatis","author_link":"https:\/\/www.scouts36polaris.be\/index.php\/author\/isatis\/"},"uagb_comment_info":0,"uagb_excerpt":"Le parcours scout se r\u00e9alise au sein de quatre sections. Durant 12 ans, l&rsquo;enfant est anim\u00e9. Il peut ensuite devenir animateur ! Il est bien s\u00fbr possible d&rsquo;entamer son parcours \u00e0 n&rsquo;importe quel \u00e2ge. Au sein de l&rsquo;unit\u00e9 Polaris, trois sections sont existantes : la ribambelle, la meute et la [&hellip;]","_links":{"self":[{"href":"https:\/\/www.scouts36polaris.be\/index.php\/wp-json\/wp\/v2\/pages\/30","targetHints":{"allow":["GET"]}}],"collection":[{"href":"https:\/\/www.scouts36polaris.be\/index.php\/wp-json\/wp\/v2\/pages"}],"about":[{"href":"https:\/\/www.scouts36polaris.be\/index.php\/wp-json\/wp\/v2\/types\/page"}],"author":[{"embeddable":true,"href":"https:\/\/www.scouts36polaris.be\/index.php\/wp-json\/wp\/v2\/users\/1"}],"replies":[{"embeddable":true,"href":"https:\/\/www.scouts36polaris.be\/index.php\/wp-json\/wp\/v2\/comments?post=30"}],"version-history":[{"count":19,"href":"https:\/\/www.scouts36polaris.be\/index.php\/wp-json\/wp\/v2\/pages\/30\/revisions"}],"predecessor-version":[{"id":1232,"href":"https:\/\/www.scouts36polaris.be\/index.php\/wp-json\/wp\/v2\/pages\/30\/revisions\/1232"}],"wp:attachment":[{"href":"https:\/\/www.scouts36polaris.be\/index.php\/wp-json\/wp\/v2\/media?parent=30"}],"curies":[{"name":"wp","href":"https:\/\/api.w.org\/{rel}","templated":true}]}}