{"id":35,"date":"2019-09-28T15:38:34","date_gmt":"2019-09-28T13:38:34","guid":{"rendered":"https:\/\/36bw-polaris.000webhostapp.com\/?page_id=35"},"modified":"2023-08-28T21:03:28","modified_gmt":"2023-08-28T19:03:28","slug":"contact","status":"publish","type":"page","link":"https:\/\/www.scouts36polaris.be\/index.php\/contact\/","title":{"rendered":"Contact"},"content":{"rendered":"\n<div class=\"wp-block-columns alignwide is-layout-flex wp-container-core-columns-is-layout-28f84493 wp-block-columns-is-layout-flex\">\n<div class=\"wp-block-column is-layout-flow wp-block-column-is-layout-flow\" style=\"flex-basis:50%\"><\/div>\n<\/div>\n\n\n\n<div class=\"wp-block-themeisle-blocks-advanced-columns alignfull has-3-columns has-desktop-oneTwoOne-layout has-tablet-equal-layout has-mobile-collapsedRows-layout has-wide-gap has-vertical-unset\" id=\"wp-block-themeisle-blocks-advanced-columns-75624300\"><div class=\"wp-block-themeisle-blocks-advanced-columns-overlay\"><\/div><div class=\"innerblocks-wrap\">\n<div class=\"wp-block-themeisle-blocks-advanced-column\" id=\"wp-block-themeisle-blocks-advanced-column-75f92ce0\"><\/div>\n\n\n\n<div class=\"wp-block-themeisle-blocks-advanced-column\" id=\"wp-block-themeisle-blocks-advanced-column-1c806986\"><div class=\"wpforms-container wpforms-container-full\" id=\"wpforms-42\"><form id=\"wpforms-form-42\" class=\"wpforms-validate wpforms-form\" data-formid=\"42\" method=\"post\" enctype=\"multipart\/form-data\" action=\"\/index.php\/wp-json\/wp\/v2\/pages\/35\" data-token=\"8c7255334cd73a01c51d1fb487f522db\" data-token-time=\"1777569433\"><noscript class=\"wpforms-error-noscript\">Veuillez activer JavaScript dans votre navigateur pour remplir ce formulaire.<\/noscript><div class=\"wpforms-field-container\"><div id=\"wpforms-42-field_6-container\" class=\"wpforms-field wpforms-field-checkbox\" data-field-id=\"6\"><label class=\"wpforms-field-label\">Destinataire <span class=\"wpforms-required-label\">*<\/span><\/label><ul id=\"wpforms-42-field_6\" class=\"wpforms-field-required\"><li class=\"choice-1 depth-1\"><input type=\"checkbox\" id=\"wpforms-42-field_6_1\" name=\"wpforms[fields][6][]\" value=\"La ribambelle\" required ><label class=\"wpforms-field-label-inline\" for=\"wpforms-42-field_6_1\">La ribambelle<\/label><\/li><li class=\"choice-2 depth-1\"><input type=\"checkbox\" id=\"wpforms-42-field_6_2\" name=\"wpforms[fields][6][]\" value=\"La meute\" required ><label class=\"wpforms-field-label-inline\" for=\"wpforms-42-field_6_2\">La meute<\/label><\/li><li class=\"choice-3 depth-1\"><input type=\"checkbox\" id=\"wpforms-42-field_6_3\" name=\"wpforms[fields][6][]\" value=\"La troupe\" required ><label class=\"wpforms-field-label-inline\" for=\"wpforms-42-field_6_3\">La troupe<\/label><\/li><li class=\"choice-4 depth-1\"><input type=\"checkbox\" id=\"wpforms-42-field_6_4\" name=\"wpforms[fields][6][]\" value=\"L&#039;unit\u00e9\" required ><label class=\"wpforms-field-label-inline\" for=\"wpforms-42-field_6_4\">L'unit\u00e9<\/label><\/li><\/ul><\/div><div id=\"wpforms-42-field_0-container\" class=\"wpforms-field wpforms-field-name wpforms-one-half wpforms-first\" data-field-id=\"0\"><label class=\"wpforms-field-label wpforms-label-hide\" for=\"wpforms-42-field_0\">Name <span class=\"wpforms-required-label\">*<\/span><\/label><input type=\"text\" id=\"wpforms-42-field_0\" class=\"wpforms-field-large wpforms-field-required\" name=\"wpforms[fields][0]\" placeholder=\"Votre nom\" required><\/div><div id=\"wpforms-42-field_3-container\" class=\"wpforms-field wpforms-field-email wpforms-one-half\" data-field-id=\"3\"><label class=\"wpforms-field-label wpforms-label-hide\" for=\"wpforms-42-field_3\">Email <span class=\"wpforms-required-label\">*<\/span><\/label><input type=\"email\" id=\"wpforms-42-field_3\" class=\"wpforms-field-large wpforms-field-required\" name=\"wpforms[fields][3]\" placeholder=\"Votre adresse mail\" spellcheck=\"false\" required><\/div><div id=\"wpforms-42-field_4-container\" class=\"wpforms-field wpforms-field-text\" data-field-id=\"4\"><label class=\"wpforms-field-label wpforms-label-hide\" for=\"wpforms-42-field_4\">Sujet<\/label><input type=\"text\" id=\"wpforms-42-field_4\" class=\"wpforms-field-large\" name=\"wpforms[fields][4]\" placeholder=\"Sujet\" ><\/div><div id=\"wpforms-42-field_2-container\" class=\"wpforms-field wpforms-field-textarea\" data-field-id=\"2\"><label class=\"wpforms-field-label wpforms-label-hide\" for=\"wpforms-42-field_2\">Message <span class=\"wpforms-required-label\">*<\/span><\/label><textarea id=\"wpforms-42-field_2\" class=\"wpforms-field-medium wpforms-field-required\" name=\"wpforms[fields][2]\" placeholder=\"Votre message\" required><\/textarea><\/div><\/div><!-- .wpforms-field-container --><div class=\"wpforms-recaptcha-container wpforms-is-recaptcha wpforms-is-recaptcha-type-invisible\" ><div class=\"g-recaptcha\" data-sitekey=\"6LdlXv0UAAAAAORR9bt53SKOtwsQyFzMeRmnF-Zb\" data-size=\"invisible\"><\/div><\/div><div class=\"wpforms-submit-container\" ><input type=\"hidden\" name=\"wpforms[id]\" value=\"42\"><input type=\"hidden\" name=\"page_title\" value=\"\"><input type=\"hidden\" name=\"page_url\" value=\"https:\/\/www.scouts36polaris.be\/index.php\/wp-json\/wp\/v2\/pages\/35\"><button type=\"submit\" name=\"wpforms[submit]\" id=\"wpforms-submit-42\" class=\"wpforms-submit\" data-alt-text=\"Sending...\" data-submit-text=\"Envoyer\" aria-live=\"assertive\" value=\"wpforms-submit\">Envoyer<\/button><\/div><\/form><\/div>  <!-- .wpforms-container -->\n<\/div>\n\n\n\n<div class=\"wp-block-themeisle-blocks-advanced-column\" id=\"wp-block-themeisle-blocks-advanced-column-06ccc189\">\n<div class=\"hestia-info info info-horizontal\">\n<div class=\"icon icon-primary\"><i class=\"fas fa-map-marker-alt\"><\/i><\/div>\n<div class=\"description\">\n<h4 class=\"info-title\">Point de rendez-vous<\/h4>\nPlaine \u00e0 c\u00f4t\u00e9 de la salle Jules Collette \u00e0 Bierges<\/div>\n<\/div>\n<div class=\"hestia-info info info-horizontal\">\n<div class=\"icon icon-primary\"><i class=\"fas fa-mobile-alt\"><\/i><\/div>\n<div class=\"description\">\n<h4 class=\"info-title\">Num\u00e9ro de t\u00e9l\u00e9phone<\/h4>\n+32 477 25 53 24<\/div>\n<\/div>\n<div class=\"hestia-info info info-horizontal\">\n<div class=\"icon icon-primary\"><i class=\"fas fas fa-envelope\"><\/i><\/div>\n<div class=\"description\">\n<h4 class=\"info-title\">Adresse mail<\/h4>\nunite@scouts36polaris.be<\/div>\n\n<div class=\"hestia-info info info-horizontal\">\n<div class=\"icon icon-primary\"><i class=\"fa fa-facebook-square\"><\/i><\/div>\n<div class=\"description\">\n<h4 class=\"info-title\">Page facebook<\/h4>\n<a href=\"https:\/\/www.facebook.com\/SV036-Unit%C3%A9-Polaris-Bierges-109888330466693\/\" style=\"color:#0000EE; text-decoration:underline;\" target=\"_blank\" rel=\"noopener noreferrer\">SV036 &#8211; Unit\u00e9 Polaris Bierges<\/a><\/div>\n<\/div><\/div>\n<\/div>\n<\/div><\/div>\n","protected":false},"excerpt":{"rendered":"","protected":false},"author":1,"featured_media":0,"parent":0,"menu_order":0,"comment_status":"closed","ping_status":"closed","template":"","meta":{"_uag_custom_page_level_css":"","_themeisle_gutenberg_block_has_review":false,"footnotes":""},"class_list":["post-35","page","type-page","status-publish","hentry"],"uagb_featured_image_src":{"full":false,"thumbnail":false,"medium":false,"medium_large":false,"large":false,"1536x1536":false,"2048x2048":false,"travelersmap-thumb":false,"hestia-blog":false},"uagb_author_info":{"display_name":"isatis","author_link":"https:\/\/www.scouts36polaris.be\/index.php\/author\/isatis\/"},"uagb_comment_info":0,"uagb_excerpt":null,"_links":{"self":[{"href":"https:\/\/www.scouts36polaris.be\/index.php\/wp-json\/wp\/v2\/pages\/35","targetHints":{"allow":["GET"]}}],"collection":[{"href":"https:\/\/www.scouts36polaris.be\/index.php\/wp-json\/wp\/v2\/pages"}],"about":[{"href":"https:\/\/www.scouts36polaris.be\/index.php\/wp-json\/wp\/v2\/types\/page"}],"author":[{"embeddable":true,"href":"https:\/\/www.scouts36polaris.be\/index.php\/wp-json\/wp\/v2\/users\/1"}],"replies":[{"embeddable":true,"href":"https:\/\/www.scouts36polaris.be\/index.php\/wp-json\/wp\/v2\/comments?post=35"}],"version-history":[{"count":40,"href":"https:\/\/www.scouts36polaris.be\/index.php\/wp-json\/wp\/v2\/pages\/35\/revisions"}],"predecessor-version":[{"id":1249,"href":"https:\/\/www.scouts36polaris.be\/index.php\/wp-json\/wp\/v2\/pages\/35\/revisions\/1249"}],"wp:attachment":[{"href":"https:\/\/www.scouts36polaris.be\/index.php\/wp-json\/wp\/v2\/media?parent=35"}],"curies":[{"name":"wp","href":"https:\/\/api.w.org\/{rel}","templated":true}]}}