{"id":611,"date":"2020-10-24T21:36:14","date_gmt":"2020-10-24T19:36:14","guid":{"rendered":"http:\/\/www.scouts36polaris.be\/?page_id=611"},"modified":"2023-10-17T23:36:24","modified_gmt":"2023-10-17T21:36:24","slug":"documents-a-telecharger","status":"publish","type":"page","link":"https:\/\/www.scouts36polaris.be\/index.php\/documents-a-telecharger\/","title":{"rendered":"Documents \u00e0 t\u00e9l\u00e9charger"},"content":{"rendered":"\n<div class=\"wp-block-themeisle-blocks-advanced-columns has-1-columns has-desktop-equal-layout has-tablet-equal-layout has-mobile-equal-layout has-default-gap has-vertical-unset\" id=\"wp-block-themeisle-blocks-advanced-columns-f5e51247\"><div class=\"wp-block-themeisle-blocks-advanced-columns-overlay\"><\/div><div class=\"innerblocks-wrap\">\n<div class=\"wp-block-themeisle-blocks-advanced-column\" id=\"wp-block-themeisle-blocks-advanced-column-1a5aacaa\">\n<h2 class=\"wp-block-heading\">La fiche m\u00e9dicale<\/h2>\n\n\n<div class=\"wp-block-image\">\n<figure class=\"alignleft size-large is-resized\"><img loading=\"lazy\" decoding=\"async\" src=\"http:\/\/www.scouts36polaris.be\/wp-content\/uploads\/2020\/02\/pharma-924x1024.png\" alt=\"\" class=\"wp-image-794\" width=\"107\" height=\"119\" srcset=\"https:\/\/www.scouts36polaris.be\/wp-content\/uploads\/2020\/02\/pharma-924x1024.png 924w, https:\/\/www.scouts36polaris.be\/wp-content\/uploads\/2020\/02\/pharma-271x300.png 271w, https:\/\/www.scouts36polaris.be\/wp-content\/uploads\/2020\/02\/pharma-768x851.png 768w, https:\/\/www.scouts36polaris.be\/wp-content\/uploads\/2020\/02\/pharma.png 1155w\" sizes=\"auto, (max-width: 107px) 100vw, 107px\" \/><\/figure><\/div>\n\n\n<p>La fiche m\u00e9dicale reprend toutes les informations m\u00e9dicales de l&rsquo;anim\u00e9. Elle est \u00e0 compl\u00e9ter et \u00e0 signer \u00e0 chaque <strong>d\u00e9but d&rsquo;ann\u00e9e<\/strong>, et <strong>avant chaque camp<\/strong>. Attention, cette fiche comporte deux faces, et il ne faut pas oublier d&rsquo;y apposer des vignettes de la mutuelle. <\/p>\n\n\n\n<div class=\"wp-block-file\"><a id=\"wp-block-file--media-b5191b67-1082-48d9-9522-2bdd9543f185\" href=\"https:\/\/www.scouts36polaris.be\/wp-content\/uploads\/2023\/10\/2.Les_Scouts_Fiche_sante_individuelle_FR.docx\">Fiche_sante_individuelle_FR<\/a><a href=\"http:\/\/www.scouts36polaris.be\/wp-content\/uploads\/2020\/02\/Fiche_sante_individuelle_FR_2020.pdf\" class=\"wp-block-file__button\" download aria-describedby=\"wp-block-file--media-b5191b67-1082-48d9-9522-2bdd9543f185\">T\u00e9l\u00e9charger<\/a><\/div>\n\n\n\n<h2 class=\"wp-block-heading\">L&rsquo;autorisation parentale<\/h2>\n\n\n<div class=\"wp-block-image\">\n<figure class=\"alignleft size-large is-resized\"><img loading=\"lazy\" decoding=\"async\" src=\"http:\/\/www.scouts36polaris.be\/wp-content\/uploads\/2021\/04\/maison-978x1024.png\" alt=\"\" class=\"wp-image-799\" width=\"102\" height=\"107\" srcset=\"https:\/\/www.scouts36polaris.be\/wp-content\/uploads\/2021\/04\/maison-978x1024.png 978w, https:\/\/www.scouts36polaris.be\/wp-content\/uploads\/2021\/04\/maison-286x300.png 286w, https:\/\/www.scouts36polaris.be\/wp-content\/uploads\/2021\/04\/maison-768x804.png 768w, https:\/\/www.scouts36polaris.be\/wp-content\/uploads\/2021\/04\/maison.png 1222w\" sizes=\"auto, (max-width: 102px) 100vw, 102px\" \/><\/figure><\/div>\n\n\n<p>Cette autorisation place votre enfant sous notre responsabilit\u00e9 durant la dur\u00e9e des activit\u00e9s scoutes, et autorisant la prise en charge de leur enfant dans le cadre de maladie ou d&rsquo;accident\u00a0durant ces activit\u00e9s.<\/p>\n\n\n\n<div class=\"wp-block-file\"><a id=\"wp-block-file--media-2a264d3a-7293-47d9-9e9b-ac992e38fe50\" href=\"https:\/\/www.scouts36polaris.be\/wp-content\/uploads\/2023\/10\/4.Les_Scouts_Autoristation_parentale.docx\">AUTORISATION_PARENTALE<\/a><a href=\"http:\/\/www.scouts36polaris.be\/wp-content\/uploads\/2020\/10\/AUTORISATION_PARENTALE_RESIDENTIEL_FR.pdf\" class=\"wp-block-file__button\" download aria-describedby=\"wp-block-file--media-2a264d3a-7293-47d9-9e9b-ac992e38fe50\">T\u00e9l\u00e9charger<\/a><\/div>\n\n\n\n<h2 class=\"wp-block-heading\">L&rsquo;autorisation parentale pour la prescription de m\u00e9dicaments<\/h2>\n\n\n\n<p><\/p>\n\n\n\n<div class=\"wp-block-file\"><a id=\"wp-block-file--media-b11dc407-e8ae-47c0-a997-37af93323830\" href=\"https:\/\/www.scouts36polaris.be\/wp-content\/uploads\/2023\/10\/6.Les-Scouts_Autorisation_parentale_prise_de_medicaments.docx\">Autorisation_parentale_prise_de_medicaments<\/a><a href=\"http:\/\/www.scouts36polaris.be\/wp-content\/uploads\/2020\/10\/AUTORISATION_PARENTALE_NON_RESIDENTIEL_FR.pdf\" class=\"wp-block-file__button\" download aria-describedby=\"wp-block-file--media-b11dc407-e8ae-47c0-a997-37af93323830\">T\u00e9l\u00e9charger<\/a><\/div>\n\n\n\n<h2 class=\"wp-block-heading\">L&rsquo;autorisation de publication de photos<\/h2>\n\n\n<div class=\"wp-block-image\">\n<figure class=\"alignright is-resized\"><img loading=\"lazy\" decoding=\"async\" src=\"http:\/\/www.scouts36polaris.be\/wp-content\/uploads\/2020\/10\/appareil-photo-1.jpg\" alt=\"\" class=\"wp-image-625\" width=\"202\" height=\"147\" srcset=\"https:\/\/www.scouts36polaris.be\/wp-content\/uploads\/2020\/10\/appareil-photo-1.jpg 600w, https:\/\/www.scouts36polaris.be\/wp-content\/uploads\/2020\/10\/appareil-photo-1-300x219.jpg 300w\" sizes=\"auto, (max-width: 202px) 100vw, 202px\" \/><\/figure><\/div>\n\n\n<p>Ce document nous autorise \u00e0 utiliser et partager les photos de vos enfants dans un cadre scout. Ainsi, nous pourrons vous partager les photos que nous prenons durant nos activit\u00e9s. Uniquement les photos de groupe seront partag\u00e9es publiquement (sur le site internet ou notre page Facebook), tandis que les autres ne seront disponibles que dans un cadre priv\u00e9 (au sein de l&rsquo;unit\u00e9). Cette autorisation est \u00e0 remettre en <strong>d\u00e9but d&rsquo;ann\u00e9e<\/strong>.<\/p>\n\n\n\n<div class=\"wp-block-file\"><a id=\"wp-block-file--media-85d3cdf7-0fe2-4026-ba4d-13a9c88e60fa\" href=\"https:\/\/www.scouts36polaris.be\/wp-content\/uploads\/2023\/10\/3.Les-Scouts_Autorisation-de-publication-de-photos-ou-videos.docx\">AUTORISATION_PHOTOS<\/a><a href=\"http:\/\/www.scouts36polaris.be\/wp-content\/uploads\/2020\/10\/AUTORISATION_PHOTOS.pdf\" class=\"wp-block-file__button\" download aria-describedby=\"wp-block-file--media-85d3cdf7-0fe2-4026-ba4d-13a9c88e60fa\">T\u00e9l\u00e9charger<\/a><\/div>\n<\/div>\n<\/div><\/div>\n","protected":false},"excerpt":{"rendered":"","protected":false},"author":1,"featured_media":0,"parent":0,"menu_order":0,"comment_status":"closed","ping_status":"closed","template":"","meta":{"_uag_custom_page_level_css":"","_themeisle_gutenberg_block_has_review":false,"footnotes":""},"class_list":["post-611","page","type-page","status-publish","hentry"],"uagb_featured_image_src":{"full":false,"thumbnail":false,"medium":false,"medium_large":false,"large":false,"1536x1536":false,"2048x2048":false,"travelersmap-thumb":false,"hestia-blog":false},"uagb_author_info":{"display_name":"isatis","author_link":"https:\/\/www.scouts36polaris.be\/index.php\/author\/isatis\/"},"uagb_comment_info":0,"uagb_excerpt":null,"_links":{"self":[{"href":"https:\/\/www.scouts36polaris.be\/index.php\/wp-json\/wp\/v2\/pages\/611","targetHints":{"allow":["GET"]}}],"collection":[{"href":"https:\/\/www.scouts36polaris.be\/index.php\/wp-json\/wp\/v2\/pages"}],"about":[{"href":"https:\/\/www.scouts36polaris.be\/index.php\/wp-json\/wp\/v2\/types\/page"}],"author":[{"embeddable":true,"href":"https:\/\/www.scouts36polaris.be\/index.php\/wp-json\/wp\/v2\/users\/1"}],"replies":[{"embeddable":true,"href":"https:\/\/www.scouts36polaris.be\/index.php\/wp-json\/wp\/v2\/comments?post=611"}],"version-history":[{"count":20,"href":"https:\/\/www.scouts36polaris.be\/index.php\/wp-json\/wp\/v2\/pages\/611\/revisions"}],"predecessor-version":[{"id":1314,"href":"https:\/\/www.scouts36polaris.be\/index.php\/wp-json\/wp\/v2\/pages\/611\/revisions\/1314"}],"wp:attachment":[{"href":"https:\/\/www.scouts36polaris.be\/index.php\/wp-json\/wp\/v2\/media?parent=611"}],"curies":[{"name":"wp","href":"https:\/\/api.w.org\/{rel}","templated":true}]}}