{"id":64,"date":"2019-09-29T12:31:02","date_gmt":"2019-09-29T10:31:02","guid":{"rendered":"http:\/\/localhost\/?page_id=64"},"modified":"2025-10-06T18:16:40","modified_gmt":"2025-10-06T16:16:40","slug":"la-ribambelle","status":"publish","type":"page","link":"https:\/\/www.scouts36polaris.be\/index.php\/la-ribambelle\/","title":{"rendered":"Ribambelle de la Petite Ourse"},"content":{"rendered":"\n<p><\/p>\n\n\n\n<div id=\"wp-block-themeisle-blocks-advanced-columns-c49cd646\" class=\"wp-block-themeisle-blocks-advanced-columns alignfull has-3-columns has-desktop-oneThreeOne-layout has-tablet-equal-layout has-mobile-collapsedRows-layout has-vertical-unset\"><div class=\"wp-block-themeisle-blocks-advanced-columns-overlay\"><\/div><div class=\"innerblocks-wrap\">\n<div id=\"wp-block-themeisle-blocks-advanced-column-607eca5c\" class=\"wp-block-themeisle-blocks-advanced-column\"><div class=\"wp-block-image\">\n<figure class=\"alignright is-resized\"><img loading=\"lazy\" decoding=\"async\" width=\"1022\" height=\"1024\" src=\"http:\/\/www.scouts36polaris.be\/wp-content\/uploads\/2020\/10\/logo-ribambelle-transparent-1-1-1022x1024.png\" alt=\"\" class=\"wp-image-606\" style=\"width:121px;height:121px\" srcset=\"https:\/\/www.scouts36polaris.be\/wp-content\/uploads\/2020\/10\/logo-ribambelle-transparent-1-1-1022x1024.png 1022w, https:\/\/www.scouts36polaris.be\/wp-content\/uploads\/2020\/10\/logo-ribambelle-transparent-1-1-150x150.png 150w, https:\/\/www.scouts36polaris.be\/wp-content\/uploads\/2020\/10\/logo-ribambelle-transparent-1-1-300x300.png 300w, https:\/\/www.scouts36polaris.be\/wp-content\/uploads\/2020\/10\/logo-ribambelle-transparent-1-1-768x770.png 768w\" sizes=\"auto, (max-width: 1022px) 100vw, 1022px\" \/><\/figure><\/div>\n\n\n<div class=\"simcal-calendar simcal-default-calendar simcal-default-calendar-list simcal-default-calendar-light\" data-calendar-id=\"261\" data-timezone=\"Europe\/Paris\" data-offset=\"7200\" data-week-start=\"1\" data-calendar-start=\"1778277600\" data-calendar-end=\"1778277600\" data-events-first=\"0\" data-events-last=\"0\"><div class=\"simcal-calendar-list \"><nav class=\"simcal-calendar-head\">\n\t<div class=\"simcal-nav\">\n\t\t<button class=\"simcal-nav-button simcal-prev\" title=\"Pr\u00e9c\u00e9dent\" disabled=\"disabled\">\n\t\t\t<i class=\"simcal-icon-left\"><\/i>\n\t\t<\/button>\n\t<\/div>\n\t<div class=\"simcal-nav simcal-current \" data-calendar-current=\"1778277600\">\n\t\t<h3 class=\"simcal-current-label\"> <\/h3>\n\t<\/div>\n\t<div class=\"simcal-nav\">\t\t<button class=\"simcal-nav-button simcal-next\" title=\"Suiv.\" disabled=\"disabled\">\t\t\t<i class=\"simcal-icon-right\"><\/i>\n\t\t<\/button>\n\t<\/div>\n<\/nav>\n<dl class=\"simcal-events-list-container\" data-prev=\"1746741600\" data-next=\"1809813600\" data-heading-small=\"2026 - 2027\" data-heading-large=\"2026 - 2027\">\t<p>Rien de 8 mai 2026 \u00e0 8 mai 2027.\t<\/p>\n<\/dl><div class=\"simcal-ajax-loader simcal-spinner-top\" style=\"display: none;\"><i class=\"simcal-icon-spinner simcal-icon-spin\"><\/i><\/div><\/div><\/div> <a href=\"https:\/\/calendar.google.com\/calendar\/u\/0?cid=Y19pcGY2cGZlbjY4b3JoYzM0dDRzZnEwYzN1OEBncm91cC5jYWxlbmRhci5nb29nbGUuY29t\">Lien pour obtenir le calendrier<\/a>\n<\/div>\n\n\n\n<div id=\"wp-block-themeisle-blocks-advanced-column-90dc4d4b\" class=\"wp-block-themeisle-blocks-advanced-column\"><div class=\"wp-block-image\">\n<figure class=\"alignright\"><img loading=\"lazy\" decoding=\"async\" width=\"100\" height=\"115\" src=\"http:\/\/www.scouts36polaris.be\/wp-content\/uploads\/2019\/10\/csm_Branches_Logos_2018_Baladins_Quad_Protection_0631aab941-1.png\" alt=\"\" class=\"wp-image-274\"\/><\/figure><\/div>\n\n\n<h2 class=\"wp-block-heading\">Pr\u00e9sentation de la ribambelle<\/h2>\n\n\n\n<p>La ribambelle de la Petite Ourse accueille des baladins ayant entre 6 et 8 ans. <\/p>\n\n\n\n<p>L&rsquo;arriv\u00e9e \u00e0 la Ribambelle de l&rsquo;enfant repr\u00e9sente pour lui une premi\u00e8re exp\u00e9rience dans le scoutisme. Il y d\u00e9couvrira la vie en groupe ainsi que les valeurs du mouvement.<\/p>\n\n\n\n<p>Une ann\u00e9e au sein de la ribambelle de la Petite Ourse est compos\u00e9e : <\/p>\n\n\n\n<ul class=\"wp-block-list\">\n<li>De r\u00e9unions les samedis entre 14h et 18h. Celle-ci seront au nombre de 2 ou 3 par mois, sauf en p\u00e9riode d&rsquo;examen et de blocus.<\/li>\n\n\n\n<li>De r\u00e9unions sp\u00e9ciales. Celles-ci dureront en g\u00e9n\u00e9ral une journ\u00e9e compl\u00e8te. Lors de celles-ci nous feront des activit\u00e9s qui sortent du cadre habituel d&rsquo;une r\u00e9union classique.<\/li>\n\n\n\n<li>De 2 week-ends (un au premier quadri et un au second). <\/li>\n\n\n\n<li>D&rsquo;un camp de 7 jours durant les vacances d&rsquo;\u00e9t\u00e9.<\/li>\n<\/ul>\n\n\n\n<p>Alors si toi aussi tu veux vivre de chouettes exp\u00e9rience, que tu veux te faire plein de nouveaux copains et que tu as envie de d\u00e9couvrir le monde merveilleux des baladins, n&rsquo;h\u00e9site pas \u00e0 <a href=\"http:\/\/www.scouts36polaris.be\/index.php\/inscriptions\/\" style=\"color:#0000EE; text-decoration:underline;\" target=\"_blank\" rel=\"noopener noreferrer\">t&rsquo;inscrire !<\/a><\/p>\n\n\n\n<h2 class=\"wp-block-heading\">Nom de la Ribambelle<\/h2>\n\n\n\n<figure class=\"wp-block-image is-resized\"><img loading=\"lazy\" decoding=\"async\" width=\"333\" height=\"225\" src=\"http:\/\/www.scouts36polaris.be\/wp-content\/uploads\/2019\/10\/Petite-ours.gif\" alt=\"\" class=\"wp-image-297\" style=\"width:181px;height:122px\"\/><\/figure>\n\n\n\n<p>La&nbsp;Petite Ourse est une constellation de l&rsquo;h\u00e9misph\u00e8re c\u00e9leste nord. Elle est constitu\u00e9e de 7 \u00e9toiles principales. La Petite Ourse a \u00e9t\u00e9 d&rsquo;une grande importance pour la navigation. Celle-ci est en effet constitu\u00e9e de l&rsquo;\u00e9toile Polaris qui repr\u00e9sente le p\u00f4le nord c\u00e9leste et guide les marins dans la nuit.<\/p>\n<\/div>\n\n\n\n<div id=\"wp-block-themeisle-blocks-advanced-column-db584ead\" class=\"wp-block-themeisle-blocks-advanced-column\">\n<h2 class=\"wp-block-heading\">Staff baladin<\/h2>\n\n\n\n<table>\n  <tr>\n\t<td class=\"blockImageAcc\"><img decoding=\"async\" src=\"\/wp-content\/uploads\/2020\/02\/chipmunkE.jpg\" alt=\"\" class=\"imageStaff\"><\/td>\n        <td>Chipmunk<\/td>\n  <\/tr>\n  <tr>\n\t<td class=\"blockImageAcc\"><img decoding=\"async\" src=\"\/wp-content\/uploads\/2020\/02\/Ouandji-Eline.jpg\" alt=\"\" class=\"imageStaff\"><\/td>\n        <td>Ouandji<\/td>\n  <\/tr>\n<td class=\"blockImageAcc\"><img decoding=\"async\" src=\"\/wp-content\/uploads\/2022\/10\/julien2.jpg\" alt=\"\" class=\"imageStaff\"><\/td>\n<td>Manningui<\/td>\n<\/tr>\n<tr><td class=\"blockImageAcc\"><img decoding=\"async\" src=\"\/wp-content\/uploads\/2022\/10\/altair.jpg\" alt=\"\" class=\"imageStaff\"><\/td>\n<td>Mink<\/td>\n<\/tr>\n<\/table><br>\n\nSi tu es motiv\u00e9 pour t&rsquo;engager comme animateur, n\u2019h\u00e9site pas <a href=\"http:\/\/www.scouts36polaris.be\/index.php\/inscription-animateur\/\" style=\"color:#0000EE; text-decoration:underline;\" target=\"_blank\" rel=\"noopener noreferrer\">\u00e0 postuler !<\/a><!--https:\/\/forms.gle\/fyRrRXpxu5qFBw8R7-->\n\n\n\n<h2 class=\"wp-block-heading\">Contact<\/h2>\n\n\n\nMail : <a href=\"mailto:baladins@scouts36polaris.be\">baladins@scouts36polaris.be<\/a>\n<\/div>\n<\/div><\/div>\n","protected":false},"excerpt":{"rendered":"","protected":false},"author":1,"featured_media":0,"parent":0,"menu_order":0,"comment_status":"closed","ping_status":"closed","template":"","meta":{"_uag_custom_page_level_css":"","_themeisle_gutenberg_block_has_review":false,"footnotes":""},"class_list":["post-64","page","type-page","status-publish","hentry"],"uagb_featured_image_src":{"full":false,"thumbnail":false,"medium":false,"medium_large":false,"large":false,"1536x1536":false,"2048x2048":false,"travelersmap-thumb":false,"hestia-blog":false},"uagb_author_info":{"display_name":"isatis","author_link":"https:\/\/www.scouts36polaris.be\/index.php\/author\/isatis\/"},"uagb_comment_info":0,"uagb_excerpt":null,"_links":{"self":[{"href":"https:\/\/www.scouts36polaris.be\/index.php\/wp-json\/wp\/v2\/pages\/64","targetHints":{"allow":["GET"]}}],"collection":[{"href":"https:\/\/www.scouts36polaris.be\/index.php\/wp-json\/wp\/v2\/pages"}],"about":[{"href":"https:\/\/www.scouts36polaris.be\/index.php\/wp-json\/wp\/v2\/types\/page"}],"author":[{"embeddable":true,"href":"https:\/\/www.scouts36polaris.be\/index.php\/wp-json\/wp\/v2\/users\/1"}],"replies":[{"embeddable":true,"href":"https:\/\/www.scouts36polaris.be\/index.php\/wp-json\/wp\/v2\/comments?post=64"}],"version-history":[{"count":57,"href":"https:\/\/www.scouts36polaris.be\/index.php\/wp-json\/wp\/v2\/pages\/64\/revisions"}],"predecessor-version":[{"id":1398,"href":"https:\/\/www.scouts36polaris.be\/index.php\/wp-json\/wp\/v2\/pages\/64\/revisions\/1398"}],"wp:attachment":[{"href":"https:\/\/www.scouts36polaris.be\/index.php\/wp-json\/wp\/v2\/media?parent=64"}],"curies":[{"name":"wp","href":"https:\/\/api.w.org\/{rel}","templated":true}]}}