{"id":66,"date":"2019-09-29T12:31:23","date_gmt":"2019-09-29T10:31:23","guid":{"rendered":"http:\/\/localhost\/?page_id=66"},"modified":"2025-11-29T14:10:04","modified_gmt":"2025-11-29T13:10:04","slug":"la-meute","status":"publish","type":"page","link":"https:\/\/www.scouts36polaris.be\/index.php\/la-meute\/","title":{"rendered":"La meute P\u00e9gase"},"content":{"rendered":"\n<div id=\"wp-block-themeisle-blocks-advanced-columns-6f9516e3\" class=\"wp-block-themeisle-blocks-advanced-columns alignfull has-3-columns has-desktop-oneThreeOne-layout has-tablet-equal-layout has-mobile-collapsedRows-layout has-vertical-unset\"><div class=\"wp-block-themeisle-blocks-advanced-columns-overlay\"><\/div><div class=\"innerblocks-wrap\">\n<div id=\"wp-block-themeisle-blocks-advanced-column-27b6cb3e\" class=\"wp-block-themeisle-blocks-advanced-column\"><div class=\"wp-block-image\">\n<figure class=\"alignright is-resized\"><img loading=\"lazy\" decoding=\"async\" width=\"1024\" height=\"1024\" src=\"http:\/\/www.scouts36polaris.be\/wp-content\/uploads\/2020\/10\/logo-meute-transparent-1024x1024.png\" alt=\"\" class=\"wp-image-608\" style=\"width:104px;height:104px\" srcset=\"https:\/\/www.scouts36polaris.be\/wp-content\/uploads\/2020\/10\/logo-meute-transparent-1024x1024.png 1024w, https:\/\/www.scouts36polaris.be\/wp-content\/uploads\/2020\/10\/logo-meute-transparent-150x150.png 150w, https:\/\/www.scouts36polaris.be\/wp-content\/uploads\/2020\/10\/logo-meute-transparent-300x300.png 300w, https:\/\/www.scouts36polaris.be\/wp-content\/uploads\/2020\/10\/logo-meute-transparent-768x768.png 768w\" sizes=\"auto, (max-width: 1024px) 100vw, 1024px\" \/><\/figure><\/div>\n\n<p><div class=\"simcal-calendar simcal-default-calendar simcal-default-calendar-list simcal-default-calendar-light\" data-calendar-id=\"259\" data-timezone=\"Europe\/Paris\" data-offset=\"7200\" data-week-start=\"1\" data-calendar-start=\"1778018400\" data-calendar-end=\"1778018400\" data-events-first=\"0\" data-events-last=\"0\"><div class=\"simcal-calendar-list \"><nav class=\"simcal-calendar-head\">\n\t<div class=\"simcal-nav\">\n\t\t<button class=\"simcal-nav-button simcal-prev\" title=\"Pr\u00e9c\u00e9dent\" disabled=\"disabled\">\n\t\t\t<i class=\"simcal-icon-left\"><\/i>\n\t\t<\/button>\n\t<\/div>\n\t<div class=\"simcal-nav simcal-current \" data-calendar-current=\"1778018400\">\n\t\t<h3 class=\"simcal-current-label\"> <\/h3>\n\t<\/div>\n\t<div class=\"simcal-nav\">\t\t<button class=\"simcal-nav-button simcal-next\" title=\"Suiv.\" disabled=\"disabled\">\t\t\t<i class=\"simcal-icon-right\"><\/i>\n\t\t<\/button>\n\t<\/div>\n<\/nav>\n<dl class=\"simcal-events-list-container\" data-prev=\"1746482400\" data-next=\"1809554400\" data-heading-small=\"2026 - 2027\" data-heading-large=\"2026 - 2027\">\t<p>Rien de 5 mai 2026 \u00e0 5 mai 2027.\t<\/p>\n<\/dl><div class=\"simcal-ajax-loader simcal-spinner-top\" style=\"display: none;\"><i class=\"simcal-icon-spinner simcal-icon-spin\"><\/i><\/div><\/div><\/div><br \/>\n<a href=\"https:\/\/calendar.google.com\/calendar\/u\/0?cid=Y190bWNkczQ0NWQ1YWVzZ3VoZ2oycDRjOTRkMEBncm91cC5jYWxlbmRhci5nb29nbGUuY29t\">Lien pour obtenir le calendrier<\/a><\/p>\n<\/div>\n\n\n\n<div id=\"wp-block-themeisle-blocks-advanced-column-3d3b18ba\" class=\"wp-block-themeisle-blocks-advanced-column\"><div class=\"wp-block-image\">\n<figure class=\"alignright\"><img loading=\"lazy\" decoding=\"async\" width=\"100\" height=\"115\" src=\"http:\/\/www.scouts36polaris.be\/wp-content\/uploads\/2019\/10\/csm_Branches_Logos_2018_Louveteaux_Quad_Protection_49b71d72cd-1.png\" alt=\"\" class=\"wp-image-272\"\/><\/figure><\/div>\n\n\n<h2 class=\"wp-block-heading\">Pr\u00e9sentation de la meute<\/h2>\n\n\n\n<p>La meute P\u00e9gase accueille des louveteaux ayant entre 8 et 12 ans. <\/p>\n\n\n\n<p>Chez les Louveteaux, l\u2019enfant exp\u00e9rimente la&nbsp;<strong>vie en communaut\u00e9&nbsp;<\/strong>et approfondit ses relations avec les autres. Il prend des&nbsp;<strong>responsabilit\u00e9s<\/strong> adapt\u00e9es \u00e0 son \u00e2ge, apprend \u00e0 partager, \u00e0 coop\u00e9rer et \u00e0 \u00e9couter.<\/p>\n\n\n\n<p>Une ann\u00e9e au sein de la meute est compos\u00e9e : <\/p>\n\n\n\n<ul class=\"wp-block-list\">\n<li>De r\u00e9unions les samedis entre 14h et 18h. Celle-ci seront au nombre de 2 ou 3 par mois, sauf en p\u00e9riode d&rsquo;examen et de blocus.<\/li>\n\n\n\n<li>De r\u00e9unions sp\u00e9ciales. Celles-ci dureront en g\u00e9n\u00e9ral une journ\u00e9e compl\u00e8te. Lors de celles-ci nous feront des activit\u00e9s qui sortent du cadre habituel d&rsquo;une r\u00e9union classique.<\/li>\n\n\n\n<li>De 2 week-ends (un au premier quadri et un au second). <\/li>\n\n\n\n<li>D&rsquo;un camp de 10 jours durant les grandes vacances.<\/li>\n<\/ul>\n\n\n\n<p>Alors si toi aussi tu veux vivre de chouettes exp\u00e9rience, que tu veux te faire plein de nouveaux copains et que tu as envie de d\u00e9couvrir le monde merveilleux des louveteaux, n&rsquo;h\u00e9site pas \u00e0 <a href=\"http:\/\/www.scouts36polaris.be\/index.php\/inscriptions\/\" style=\"color:#0000EE; text-decoration:underline;\" target=\"_blank\" rel=\"noopener noreferrer\">t&rsquo;inscrire !<\/a><\/p>\n\n\n\n<h2 class=\"wp-block-heading\">Nom de la meute<\/h2>\n\n\n\n<figure class=\"wp-block-image is-resized\"><img loading=\"lazy\" decoding=\"async\" width=\"719\" height=\"415\" src=\"http:\/\/www.scouts36polaris.be\/wp-content\/uploads\/2019\/10\/pegase.png\" alt=\"\" class=\"wp-image-400\" style=\"width:265px;height:153px\" srcset=\"https:\/\/www.scouts36polaris.be\/wp-content\/uploads\/2019\/10\/pegase.png 719w, https:\/\/www.scouts36polaris.be\/wp-content\/uploads\/2019\/10\/pegase-300x173.png 300w\" sizes=\"auto, (max-width: 719px) 100vw, 719px\" \/><\/figure>\n\n\n\n<p>La constellation P\u00e9gase est une constellation de l&rsquo;h\u00e9misph\u00e8re nord. Cette constellation doit son nom \u00e0 P\u00e9gase, le cheval ail\u00e9 de la mythologie grecque. Cette cr\u00e9ature a fait r\u00eaver de nombreuses civilisations, et nous fait encore r\u00eaver aujourd&rsquo;hui.<\/p>\n<\/div>\n\n\n\n<div id=\"wp-block-themeisle-blocks-advanced-column-0c426801\" class=\"wp-block-themeisle-blocks-advanced-column\">\n<h2 class=\"wp-block-heading\">Staff louveteau<\/h2>\n\n\n\n<table>\n\n<tr><td class=\"blockImageAcc\"><img decoding=\"async\" src=\"\/wp-content\/uploads\/2025\/10\/burunduk.jpg\" alt=\"\" class=\"imageStaff\"><\/td>\n<td>Akela<\/td>\n<\/tr>\n\n<tr><td class=\"blockImageAcc\"><img decoding=\"async\" src=\"\/wp-content\/uploads\/2025\/05\/mintaka-1.jpg\" alt=\"\" class=\"imageStaff\"><\/td>\n<td>Baloo<\/td>\n<\/tr>\n<tr><td class=\"blockImageAcc\"><img decoding=\"async\" src=\"\/wp-content\/uploads\/2025\/04\/IMG-20250419-WA0001.jpg\" alt=\"\" class=\"imageStaff\"><\/td>\n<td>V\u00e9ga<\/td>\n<\/tr>\n<tr><td class=\"blockImageAcc\"><img decoding=\"async\" src=\"\/wp-content\/uploads\/2025\/05\/quokka.jpg\" alt=\"\" class=\"imageStaff\"><\/td>\n<td>Quokka<\/td>\n<\/tr>\n\n<tr><td class=\"blockImageAcc\"><img decoding=\"async\" src=\"\/wp-content\/uploads\/2025\/10\/chaoui.jpg\" alt=\"\" class=\"imageStaff\"><\/td>\n<td>Kotick<\/td>\n<\/tr>\n<tr><td class=\"blockImageAcc\"><img decoding=\"async\" src=\"\/wp-content\/uploads\/2025\/11\/Appaloosa.jpg\" alt=\"\" class=\"imageStaff\"><\/td>\n<td>Raksha<\/td>\n<\/tr>\n\n<\/table><br>\n\nSi tu es motiv\u00e9 pour t&rsquo;engager comme animateur, n\u2019h\u00e9site pas <a href=\"http:\/\/www.scouts36polaris.be\/index.php\/inscription-animateur\/\" style=\"color:#0000EE; text-decoration:underline;\" target=\"_blank\" rel=\"noopener noreferrer\">\u00e0 postuler !<\/a><!--https:\/\/forms.gle\/fyRrRXpxu5qFBw8R7-->\n\n\n\n<h2 class=\"wp-block-heading\">Contact<\/h2>\n\n\n\nMail : <a href=\"mailto:louveteaux@scouts36polaris.be\">louveteaux@scouts36polaris.be<\/a>\n<\/div>\n<\/div><\/div>\n","protected":false},"excerpt":{"rendered":"","protected":false},"author":1,"featured_media":0,"parent":0,"menu_order":0,"comment_status":"closed","ping_status":"closed","template":"","meta":{"_uag_custom_page_level_css":"","_themeisle_gutenberg_block_has_review":false,"footnotes":""},"class_list":["post-66","page","type-page","status-publish","hentry"],"uagb_featured_image_src":{"full":false,"thumbnail":false,"medium":false,"medium_large":false,"large":false,"1536x1536":false,"2048x2048":false,"travelersmap-thumb":false,"hestia-blog":false},"uagb_author_info":{"display_name":"isatis","author_link":"https:\/\/www.scouts36polaris.be\/index.php\/author\/isatis\/"},"uagb_comment_info":0,"uagb_excerpt":null,"_links":{"self":[{"href":"https:\/\/www.scouts36polaris.be\/index.php\/wp-json\/wp\/v2\/pages\/66","targetHints":{"allow":["GET"]}}],"collection":[{"href":"https:\/\/www.scouts36polaris.be\/index.php\/wp-json\/wp\/v2\/pages"}],"about":[{"href":"https:\/\/www.scouts36polaris.be\/index.php\/wp-json\/wp\/v2\/types\/page"}],"author":[{"embeddable":true,"href":"https:\/\/www.scouts36polaris.be\/index.php\/wp-json\/wp\/v2\/users\/1"}],"replies":[{"embeddable":true,"href":"https:\/\/www.scouts36polaris.be\/index.php\/wp-json\/wp\/v2\/comments?post=66"}],"version-history":[{"count":52,"href":"https:\/\/www.scouts36polaris.be\/index.php\/wp-json\/wp\/v2\/pages\/66\/revisions"}],"predecessor-version":[{"id":1423,"href":"https:\/\/www.scouts36polaris.be\/index.php\/wp-json\/wp\/v2\/pages\/66\/revisions\/1423"}],"wp:attachment":[{"href":"https:\/\/www.scouts36polaris.be\/index.php\/wp-json\/wp\/v2\/media?parent=66"}],"curies":[{"name":"wp","href":"https:\/\/api.w.org\/{rel}","templated":true}]}}