{"id":8,"date":"2019-09-28T12:09:26","date_gmt":"2019-09-28T10:09:26","guid":{"rendered":"https:\/\/36bw-polaris.000webhostapp.com\/?page_id=3"},"modified":"2019-12-27T16:30:09","modified_gmt":"2019-12-27T15:30:09","slug":"politique-de-confidentialite-2","status":"publish","type":"page","link":"https:\/\/www.scouts36polaris.be\/index.php\/politique-de-confidentialite-2\/","title":{"rendered":"Politique de confidentialit\u00e9"},"content":{"rendered":"\n<h2 class=\"wp-block-heading\"> ARTICLE 1 : Objet<\/h2>\n\n\n\n<p>\nLes\npr\u00e9sentes \u00ab\nconditions g\u00e9n\u00e9rales d&rsquo;utilisation \u00bb\nont pour objet l&rsquo;encadrement juridique de\nl\u2019utilisation du site <a href=\"http:\/\/www.scouts36polaris.be\/\">www.scouts36polaris.be<\/a>\net de ses services.<\/p>\n\n\n\n<p>\nCe\ncontrat est conclu entre :<\/p>\n\n\n\n<p>\nLe\ng\u00e9rant du site internet, ci-apr\u00e8s d\u00e9sign\u00e9 \u00ab&nbsp;l\u2019\u00c9diteur&nbsp;\u00bb,\nl\u2019unit\u00e9 scoute Polaris.<\/p>\n\n\n\n<p>\nToute\npersonne physique ou morale souhaitant acc\u00e9der au site et \u00e0 ses\nservices, ci-apr\u00e8s appel\u00e9 \u00ab&nbsp;l\u2019Utilisateur&nbsp;\u00bb.<\/p>\n\n\n\n<p>\nLes\nconditions g\u00e9n\u00e9rales d&rsquo;utilisation\ndoivent \u00eatre accept\u00e9es par tout\nUtilisateur, et son acc\u00e8s au site vaut acceptation de ces\nconditions.<\/p>\n\n\n\n<h2 class=\"wp-block-heading\"> ARTICLE 2 : acc\u00e8s aux services<\/h2>\n\n\n\n<p>\nTout\nUtilisateur ayant acc\u00e8s a internet peut acc\u00e9der gratuitement et\ndepuis n\u2019importe o\u00f9 au site. Les frais support\u00e9s par\nl\u2019Utilisateur pour y acc\u00e9der (connexion internet, mat\u00e9riel\ninformatique, etc.) ne sont pas \u00e0 la charge de l\u2019\u00c9diteur.<\/p>\n\n\n\n<p>\nLe\nsite et ses diff\u00e9rents services peuvent \u00eatre interrompus ou\nsuspendus par l\u2019\u00c9diteur, notamment \u00e0 l\u2019occasion d\u2019une\nmaintenance, sans obligation de pr\u00e9avis ou de justification.<\/p>\n\n\n\n<h2 class=\"wp-block-heading\"> ARTICLE 3 : Responsabilit\u00e9 de l\u2019Utilisateur<\/h2>\n\n\n\n<p>\nL&rsquo;Utilisateur\nest responsable des risques li\u00e9s \u00e0 l\u2019utilisation de son\nidentifiant de connexion et de son mot de passe. \n<\/p>\n\n\n\n<p>\nLe\nmot de passe de l\u2019Utilisateur doit rester secret. En cas de\ndivulgation de mot de passe, l\u2019\u00c9diteur d\u00e9cline toute\nresponsabilit\u00e9.<\/p>\n\n\n\n<p>\nL\u2019Utilisateur\nassume l\u2019enti\u00e8re responsabilit\u00e9 de l\u2019utilisation qu\u2019il fait\ndes informations et contenus pr\u00e9sents sur le site \n<a href=\"http:\/\/www.scouts36polaris.be\/\">www.scouts36polaris.be<\/a>.<\/p>\n\n\n\n<p>\nTout\nusage du service par l&rsquo;Utilisateur ayant directement ou indirectement\npour cons\u00e9quence des dommages doit faire l&rsquo;objet d&rsquo;une indemnisation\nau profit du site.<\/p>\n\n\n\n<p>\nLe\nmembre s\u2019engage \u00e0 tenir des propos respectueux des autres et de la\nloi et accepte que ces publications soient mod\u00e9r\u00e9es ou refus\u00e9es\npar l\u2019\u00c9diteur, sans obligation de justification. \n<\/p>\n\n\n\n<p>\nEn\npubliant sur le site, l\u2019Utilisateur c\u00e8de\n\u00e0 la soci\u00e9t\u00e9 \u00e9ditrice\nle droit non exclusif et gratuit de repr\u00e9senter, reproduire,\nadapter, modifier, diffuser et distribuer sa publication, directement\nou par un tiers autoris\u00e9.<\/p>\n\n\n\n<p>\nL\u2019\u00c9diteur\ns&rsquo;engage toutefois \u00e0 citer le membre en cas d\u2019utilisation de  sa\npublication<\/p>\n\n\n\n<h2 class=\"wp-block-heading\"> ARTICLE 4 : Responsabilit\u00e9 de l\u2019\u00c9diteur<\/h2>\n\n\n\n<p>\nTout\ndysfonctionnement du serveur ou du r\u00e9seau ne peut engager la\nresponsabilit\u00e9 de l\u2019\u00c9diteur.<\/p>\n\n\n\n<p>\nDe\nm\u00eame, la responsabilit\u00e9\ndu site ne peut \u00eatre engag\u00e9e en cas de force majeure ou du fait\nimpr\u00e9visible et insurmontable d&rsquo;un tiers.<\/p>\n\n\n\n<p>\nLe\nsite <a href=\"http:\/\/www.scouts36polaris.be\/\">www.scouts36polaris.be<\/a>\ns&rsquo;engage \u00e0 mettre en \u0153uvre tous les\nmoyens n\u00e9cessaires pour garantir\nla s\u00e9curit\u00e9\net la confidentialit\u00e9 des donn\u00e9es.\nToutefois, il n\u2019apporte pas une garantie de s\u00e9curit\u00e9 totale.<\/p>\n\n\n\n<p>\nL\u2019\u00c9diteur\nse r\u00e9serve la facult\u00e9 d\u2019une non-garantie de la fiabilit\u00e9 des\nsources, bien que les informations diffus\u00e9es su le site soient\nr\u00e9put\u00e9es fiables.<\/p>\n\n\n\n<h2 class=\"wp-block-heading\"> ARTICLE 6 : Propri\u00e9t\u00e9 intellectuelle<\/h2>\n\n\n\n<p>\nLes\ncontenus du site <a href=\"http:\/\/www.scouts36polaris.be\/\">www.scouts36polaris.be<\/a>\n(logos, textes, \u00e9l\u00e9ments graphiques,\nvid\u00e9os, etc.) son prot\u00e9g\u00e9s par le droit\nd\u2019auteur, en vertu du Code de la propri\u00e9t\u00e9\nintellectuelle.<\/p>\n\n\n\n<p>\nL\u2019Utilisateur\ndevra obtenir l\u2019autorisation de l\u2019\u00e9diteur du site avant toute\nreproduction, copie ou publication de ces diff\u00e9rents contenus.<\/p>\n\n\n\n<p>\nCes\nderniers peuvent \u00eatre utilis\u00e9s par les utilisateurs \u00e0 des fins\npriv\u00e9es ; tout usage commercial est interdit.<\/p>\n\n\n\n<p>\nL\u2019Utilisateur\nest enti\u00e8rement responsable de tout contenu qu\u2019il met en ligne et\nil s\u2019engage \u00e0 ne pas porter atteinte \u00e0 un tiers.<\/p>\n\n\n\n<p>\nL\u2019\u00c9diteur\ndu site se r\u00e9serve le droit de mod\u00e9rer ou de supprimer librement et\n\u00e0 tout moment les contenus mis en ligne par les utilisateurs, et ce\nsans justification.<\/p>\n\n\n\n<h2 class=\"wp-block-heading\"> ARTICLE 7  : Cookies<\/h2>\n\n\n\n<p>Si vous d\u00e9posez un commentaire sur notre site, il vous sera propos\u00e9 d\u2019enregistrer votre nom, adresse de messagerie et site web dans des cookies. C\u2019est uniquement pour votre confort afin de ne pas avoir \u00e0 saisir ces informations si vous d\u00e9posez un autre commentaire plus tard. Ces cookies expirent au bout d\u2019un an.<\/p>\n\n\n\n<p>Si vous vous rendez sur la page de connexion, un cookie temporaire sera cr\u00e9\u00e9 afin de d\u00e9terminer si votre navigateur accepte les cookies. Il ne contient pas de donn\u00e9es personnelles et sera supprim\u00e9 automatiquement \u00e0 la fermeture de votre navigateur.<\/p>\n\n\n\n<p>Lorsque vous vous connecterez, nous mettrons en place un certain nombre de cookies pour enregistrer vos informations de connexion et vos pr\u00e9f\u00e9rences d\u2019\u00e9cran. La dur\u00e9e de vie d\u2019un cookie de connexion est de deux jours, celle d\u2019un cookie d\u2019option d\u2019\u00e9cran est d\u2019un an. Si vous cochez \u00ab&nbsp;Se souvenir de moi&nbsp;\u00bb, votre cookie de connexion sera conserv\u00e9 pendant deux semaines. Si vous vous d\u00e9connectez de votre compte, le cookie de connexion sera effac\u00e9.<\/p>\n\n\n\n<p>En modifiant ou en publiant une publication, un cookie suppl\u00e9mentaire sera enregistr\u00e9 dans votre navigateur. Ce cookie ne comprend aucune donn\u00e9e personnelle. Il indique simplement l\u2019ID de la publication que vous venez de modifier. Il expire au bout d\u2019un jour.<\/p>\n\n\n\n<h2 class=\"wp-block-heading\"> ARTICLE 8 : Contenu embarqu\u00e9 depuis d\u2019autres sites<\/h2>\n\n\n\n<p>Les articles de ce site peuvent inclure des contenus int\u00e9gr\u00e9s (par exemple des vid\u00e9os, images, articles\u2026). Le contenu int\u00e9gr\u00e9 depuis d\u2019autres sites se comporte de la m\u00eame mani\u00e8re que si le visiteur se rendait sur cet autre site.<\/p>\n\n\n\n<p>Ces sites web pourraient collecter des donn\u00e9es sur vous, utiliser des cookies, embarquer des outils de suivis tiers, suivre vos interactions avec ces contenus embarqu\u00e9s si vous disposez d\u2019un compte connect\u00e9 sur leur site web.<\/p>\n\n\n\n<h2 class=\"wp-block-heading\">ARTICLE 9 : Statistiques et mesures d\u2019audience<\/h2>\n\n\n\n<p>Le site  <a href=\"http:\/\/www.scouts36polaris.be\/\">www.scouts36polaris.be<\/a> utilise les services de l&rsquo;outil google analytics afin d&rsquo;obtenir des statistiques sur l&rsquo;utilisation du site. <\/p>\n\n\n\n<h2 class=\"wp-block-heading\">ARTICLE 10 : Utilisation et transmission de vos donn\u00e9es personnelles<\/h2>\n\n\n\n<p>www.scouts36polaris.be garantit le respect de la vie priv\u00e9e de l\u2019utilisateur.<\/p>\n\n\n\n<p>Les donn\u00e9es r\u00e9colt\u00e9es sur le site <a href=\"http:\/\/www.scouts36polaris.be\/\">www.scouts36polaris.be<\/a> ne seront utilis\u00e9es que dans le cadre scout. Celles-ci ne seront en aucun cas transmises \u00e0 des personnes \u00e9trang\u00e8res \u00e0 l&rsquo;ASBL Les Scouts sans autorisation explicite de l&rsquo;Utilisateur.<\/p>\n\n\n\n<p> L&rsquo;Utilisateur dispose d&rsquo;un droit d&rsquo;acc\u00e8s, de rectification, de suppression et d&rsquo;opposition de ses donn\u00e9es personnelles. L&rsquo;Utilisateur exerce ce droit via :<\/p>\n\n\n\n<ul class=\"wp-block-list\"><li>\n\n\tUn\n\tformulaire de contact ;\n\t<\/li><li>\n\n\tPar\n\tmail \u00e0 unite@scouts36polaris.be;\n<\/li><\/ul>\n\n\n\n<h2 class=\"wp-block-heading\"> ARTICLE 11 : Liens hypertextes<\/h2>\n\n\n\n<p>\nLes\ndomaines vers lesquels m\u00e8nent les liens hypertextes pr\u00e9sents sur le\nsite n\u2019engagent pas la responsabilit\u00e9 de\nl\u2019\u00c9diteur de <a href=\"http:\/\/www.scouts36polaris.be\/\">www.scouts36polaris.be<\/a>,\nqui n\u2019a pas de contr\u00f4le sur ces liens.<\/p>\n\n\n\n<p>\nIl\nest possible pour un tiers de cr\u00e9er un lien vers une page du site\n<a href=\"http:\/\/www.scouts36polaris.be\/\">www.scouts36polaris.be<\/a>\nsans autorisation expresse de l\u2019\u00e9diteur.<\/p>\n\n\n\n<h2 class=\"wp-block-heading\"> ARTICLE 12 : \u00c9volution des conditions g\u00e9n\u00e9rales d\u2019utilisation<\/h2>\n\n\n\n<p> Le site <a href=\"http:\/\/www.scouts36polaris.be\/\">www.scouts36polaris.be<\/a> se r\u00e9serve le droit de modifier les clauses de ces conditions g\u00e9n\u00e9rales d\u2019utilisation \u00e0 tout moment et sans justification.<\/p>\n\n\n\n<h2 class=\"wp-block-heading\"> ARTICLE 13 : Dur\u00e9e du contrat<\/h2>\n\n\n\n<p> La dur\u00e9e du pr\u00e9sent contrat est ind\u00e9termin\u00e9e. Le contrat produit ses effets \u00e0 l&rsquo;\u00e9gard de l&rsquo;Utilisateur \u00e0 compter du d\u00e9but de l\u2019utilisation du service.<\/p>\n\n\n\n<p><\/p>\n","protected":false},"excerpt":{"rendered":"<p>ARTICLE 1 : Objet Les pr\u00e9sentes \u00ab conditions g\u00e9n\u00e9rales d&rsquo;utilisation \u00bb ont pour objet l&rsquo;encadrement juridique de l\u2019utilisation du site www.scouts36polaris.be et de ses services. Ce contrat est conclu entre : Le g\u00e9rant du site internet, ci-apr\u00e8s d\u00e9sign\u00e9 \u00ab&nbsp;l\u2019\u00c9diteur&nbsp;\u00bb, l\u2019unit\u00e9 scoute Polaris. Toute personne physique ou morale souhaitant acc\u00e9der au [&hellip;]<\/p>\n","protected":false},"author":1,"featured_media":0,"parent":0,"menu_order":0,"comment_status":"closed","ping_status":"open","template":"","meta":{"_uag_custom_page_level_css":"","_themeisle_gutenberg_block_has_review":false,"footnotes":""},"class_list":["post-8","page","type-page","status-publish","hentry"],"uagb_featured_image_src":{"full":false,"thumbnail":false,"medium":false,"medium_large":false,"large":false,"1536x1536":false,"2048x2048":false,"travelersmap-thumb":false,"hestia-blog":false},"uagb_author_info":{"display_name":"isatis","author_link":"https:\/\/www.scouts36polaris.be\/index.php\/author\/isatis\/"},"uagb_comment_info":0,"uagb_excerpt":"ARTICLE 1 : Objet Les pr\u00e9sentes \u00ab conditions g\u00e9n\u00e9rales d&rsquo;utilisation \u00bb ont pour objet l&rsquo;encadrement juridique de l\u2019utilisation du site www.scouts36polaris.be et de ses services. Ce contrat est conclu entre : Le g\u00e9rant du site internet, ci-apr\u00e8s d\u00e9sign\u00e9 \u00ab&nbsp;l\u2019\u00c9diteur&nbsp;\u00bb, l\u2019unit\u00e9 scoute Polaris. Toute personne physique ou morale souhaitant acc\u00e9der au [&hellip;]","_links":{"self":[{"href":"https:\/\/www.scouts36polaris.be\/index.php\/wp-json\/wp\/v2\/pages\/8","targetHints":{"allow":["GET"]}}],"collection":[{"href":"https:\/\/www.scouts36polaris.be\/index.php\/wp-json\/wp\/v2\/pages"}],"about":[{"href":"https:\/\/www.scouts36polaris.be\/index.php\/wp-json\/wp\/v2\/types\/page"}],"author":[{"embeddable":true,"href":"https:\/\/www.scouts36polaris.be\/index.php\/wp-json\/wp\/v2\/users\/1"}],"replies":[{"embeddable":true,"href":"https:\/\/www.scouts36polaris.be\/index.php\/wp-json\/wp\/v2\/comments?post=8"}],"version-history":[{"count":1,"href":"https:\/\/www.scouts36polaris.be\/index.php\/wp-json\/wp\/v2\/pages\/8\/revisions"}],"predecessor-version":[{"id":485,"href":"https:\/\/www.scouts36polaris.be\/index.php\/wp-json\/wp\/v2\/pages\/8\/revisions\/485"}],"wp:attachment":[{"href":"https:\/\/www.scouts36polaris.be\/index.php\/wp-json\/wp\/v2\/media?parent=8"}],"curies":[{"name":"wp","href":"https:\/\/api.w.org\/{rel}","templated":true}]}}